{"id":1173,"date":"2023-10-04T10:44:35","date_gmt":"2023-10-04T09:44:35","guid":{"rendered":"https:\/\/staging.microlabhard.com\/mecsarehabilita\/treballs-a-alcada\/"},"modified":"2023-10-20T10:24:42","modified_gmt":"2023-10-20T09:24:42","slug":"treballs-a-alcada","status":"publish","type":"page","link":"https:\/\/mecsarehabilita.com\/ca\/treballs-a-alcada\/","title":{"rendered":"Treballs a Al\u00e7ada"},"content":{"rendered":"<div class=\"wpb-content-wrapper\"><p>[vc_section full_width=&#8221;stretch_row&#8221; bottom_divider_type=&#8221;custom&#8221; bottom_divider_custom=&#8221;JTNDc3ZnJTIweG1sbnMlM0QlMjJodHRwJTNBJTJGJTJGd3d3LnczLm9yZyUyRjIwMDAlMkZzdmclMjIlMjB2aWV3Qm94JTNEJTIyMCUyMDAlMjAxMjAwJTIwMTk0LjMlMjIlMjBwcmVzZXJ2ZUFzcGVjdFJhdGlvJTNEJTIybm9uZSUyMiUzRSUzQ3BhdGglMjBkJTNEJTIyTTEyMDAlMjAxMzMuM2wtNTAlMjA4LjljLTUwJTIwOC42LTE1MCUyMDI2LjktMjUwJTIwMzEuMS0xMDAlMjA0LjItMjAwLTQuMi0zMDAtMjYuN1M0MDAlMjA4OS4yJTIwMzAwJTIwNjIuMkMyMDAlMjAzNS44JTIwMTAwJTIwMTcuNSUyMDUwJTIwOC45TDAlMjAwdjE5NC4zaDEyMDB2LTYxeiUyMiUzRSUzQyUyRnBhdGglM0UlM0MlMkZzdmclM0U=&#8221; conditional_render=&#8221;%5B%7B%22value_role%22%3A%22administrator%22%7D%5D&#8221; css=&#8221;.vc_custom_1696589663335{padding-top: 50px !important;padding-bottom: 80px !important;background-position: center !important;background-repeat: no-repeat !important;background-size: cover !important;}&#8221; bottom_divider_height=&#8221;50px&#8221; bottom_divider_color=&#8221;#c1e079&#8243;][vc_row][vc_column width=&#8221;1\/2&#8243;][vc_single_image image=&#8221;528&#8243; img_size=&#8221;full&#8221; animation_delay=&#8221;200&#8243; el_class=&#8221;mlh_imgservicio max-w-90 mb-0 pc-img&#8221; animation_type=&#8221;zoomIn&#8221;][\/vc_column][vc_column width=&#8221;1\/2&#8243; el_class=&#8221;MLH_centrado&#8221; conditional_render=&#8221;%5B%7B%22value_role%22%3A%22administrator%22%7D%5D&#8221;][vc_custom_heading text=&#8221;Especialistes en treballs<br \/>\nde <strong>dif\u00edcil acc\u00e9s<\/strong>&#8221; font_container=&#8221;tag:h2|font_size:33px|text_align:left|line_height:1.2em&#8221; use_theme_fonts=&#8221;yes&#8221; font_weight=&#8221;700&#8243; letter_spacing=&#8221;-0.5px&#8221; css=&#8221;.vc_custom_1696491787497{margin-bottom: 10px !important;}&#8221;][vc_custom_heading text=&#8221;Soluci\u00f3 \u00f2ptima quan els sistemes tradicionals per a treballs en altura (tipus bastides o grues) no resolen certes situacions de treball. Tamb\u00e9 quan el cost d&apos;implantaci\u00f3 \u00e9s molt alt en relaci\u00f3 amb la intervenci\u00f3 a realitzar.&#8221; font_container=&#8221;tag:h4|font_size:18px|text_align:left|line_height:1.3em&#8221; use_theme_fonts=&#8221;yes&#8221; font_weight=&#8221;500&#8243; letter_spacing=&#8221;-0.5px&#8221; css=&#8221;.vc_custom_1696413286252{margin-bottom: 25px !important;}&#8221;][vc_btn title=&#8221;DEMANAR PRESSUPOST&#8221; align=&#8221;left&#8221; link=&#8221;url:https%3A%2F%2Fmecsarehabilita.com%2F%23contacto|&#8221; el_class=&#8221;mlh_btn mlh_btngrey&#8221;][\/vc_column][\/vc_row][\/vc_section][vc_section full_width=&#8221;stretch_row&#8221; top_divider_type=&#8221;custom&#8221; top_divider_custom=&#8221;JTNDc3ZnJTIweG1sbnMlM0QlMjJodHRwJTNBJTJGJTJGd3d3LnczLm9yZyUyRjIwMDAlMkZzdmclMjIlMjB2aWV3Qm94JTNEJTIyMCUyMDAlMjAxMjAwJTIwMTk0LjMlMjIlMjBwcmVzZXJ2ZUFzcGVjdFJhdGlvJTNEJTIybm9uZSUyMiUzRSUzQ3BhdGglMjBkJTNEJTIyTTEyMDAlMjAxMzMuM2wtNTAlMjA4LjljLTUwJTIwOC42LTE1MCUyMDI2LjktMjUwJTIwMzEuMS0xMDAlMjA0LjItMjAwLTQuMi0zMDAtMjYuN1M0MDAlMjA4OS4yJTIwMzAwJTIwNjIuMkMyMDAlMjAzNS44JTIwMTAwJTIwMTcuNSUyMDUwJTIwOC45TDAlMjAwdjE5NC4zaDEyMDB2LTYxeiUyMiUzRSUzQyUyRnBhdGglM0UlM0MlMkZzdmclM0U=&#8221; top_divider_flip=&#8221;true&#8221; top_divider_invert=&#8221;true&#8221; conditional_render=&#8221;%5B%7B%22value_role%22%3A%22administrator%22%7D%5D&#8221; css=&#8221;.vc_custom_1696589638056{padding-top: 80px !important;padding-bottom: 40px !important;background-color: #f1f1f1 !important;background-position: center !important;background-repeat: no-repeat !important;background-size: cover !important;}&#8221; top_divider_color=&#8221;#c1e079&#8243; top_divider_height=&#8221;50px&#8221;][vc_row][vc_column width=&#8221;2\/3&#8243; el_class=&#8221;MLH_centrado&#8221; conditional_render=&#8221;%5B%7B%22value_role%22%3A%22administrator%22%7D%5D&#8221;][vc_custom_heading text=&#8221;Qualitat, seguretat i efici\u00e8ncia<br \/>\nen <strong>tot tipus de projectes<\/strong>&#8221; font_container=&#8221;tag:h2|font_size:33px|text_align:left|line_height:1.2em&#8221; use_theme_fonts=&#8221;yes&#8221; font_weight=&#8221;700&#8243; letter_spacing=&#8221;-0.5px&#8221; css=&#8221;.vc_custom_1696491803656{margin-bottom: 10px !important;}&#8221;][vc_custom_heading text=&#8221;Treballs en altura sense bastides&#8221; font_container=&#8221;tag:h4|font_size:18px|text_align:left|line_height:1.2em&#8221; use_theme_fonts=&#8221;yes&#8221; font_weight=&#8221;500&#8243; letter_spacing=&#8221;-0.5px&#8221; css=&#8221;.vc_custom_1696412066088{margin-bottom: 25px !important;}&#8221;][vc_row_inner][vc_column_inner width=&#8221;1\/2&#8243;]<div class=\"porto-sicon-box mlh_srshadow  wpb_custom_c9f7d2fd54b9bed2ee09aadbf65b7aff style_1 top-icon\"><div class=\"porto-sicon-top\"><div class=\"porto-just-icon-wrapper porto-icon none\" style=\"color:#c1e079;font-size:32px;\"><i class=\"fas fa-stop\"><\/i><\/div><\/div><div class=\"porto-sicon-header\"><h3 class=\"porto-sicon-title\" style=\"\">T\u00e8cniques dacc\u00e9s i posicionament mitjan\u00e7ant cordes.<\/h3><p>Accedir a llocs de dif\u00edcil acc\u00e9s sense necessitat d&#039;estructures met\u00e0l\u00b7liques.<\/p><\/div> <!-- header --><\/div><!-- porto-sicon-box -->[\/vc_column_inner][vc_column_inner width=&#8221;1\/2&#8243;]<div class=\"porto-sicon-box mlh_srshadow  wpb_custom_c9f7d2fd54b9bed2ee09aadbf65b7aff style_1 top-icon\"><div class=\"porto-sicon-top\"><div class=\"porto-just-icon-wrapper porto-icon none\" style=\"color:#c1e079;font-size:32px;\"><i class=\"fas fa-stop\"><\/i><\/div><\/div><div class=\"porto-sicon-header\"><h3 class=\"porto-sicon-title\" style=\"\">Realitzem aquests treballs amb una formaci\u00f3 espec\u00edfica.<\/h3><p>Protecci\u00f3 adequada, aix\u00ed com seguir les normes de seguretat establertes.<\/p><\/div> <!-- header --><\/div><!-- porto-sicon-box -->[\/vc_column_inner][\/vc_row_inner][\/vc_column][vc_column width=&#8221;1\/3&#8243; el_class=&#8221;MLH_centrado&#8221; conditional_render=&#8221;%5B%7B%22value_role%22%3A%22administrator%22%7D%5D&#8221;][vc_single_image image=&#8221;794&#8243; img_size=&#8221;340&#215;380&#8243; animation_delay=&#8221;200&#8243; el_class=&#8221;mlh_imgservicio max-w-90 mb-0 pc-img&#8221; animation_type=&#8221;zoomIn&#8221; css=&#8221;.vc_custom_1696491843961{margin-bottom: 0px !important;}&#8221;][\/vc_column][\/vc_row][\/vc_section][vc_section full_width=&#8221;stretch_row&#8221; conditional_render=&#8221;%5B%7B%22value_role%22%3A%22administrator%22%7D%5D&#8221; css=&#8221;.vc_custom_1696589557848{padding-top: 50px !important;padding-bottom: 50px !important;background-position: center !important;background-repeat: no-repeat !important;background-size: cover !important;}&#8221;][vc_row full_width=&#8221;stretch_row&#8221; conditional_render=&#8221;%5B%7B%22value_role%22%3A%22administrator%22%7D%5D&#8221; css=&#8221;.vc_custom_1696406883146{padding-top: 0px !important;padding-bottom: 0px !important;}&#8221;][vc_column width=&#8221;1\/2&#8243; conditional_render=&#8221;%5B%7B%22value_role%22%3A%22administrator%22%7D%5D&#8221;][vc_row_inner][vc_column_inner el_class=&#8221;MLH_centrado&#8221; width=&#8221;1\/2&#8243; css=&#8221;.vc_custom_1696408720475{padding-right: 5px !important;}&#8221;][vc_single_image image=&#8221;437&#8243; img_size=&#8221;340&#215;465&#8243; animation_delay=&#8221;200&#8243; el_class=&#8221;mlh_imgservicio max-w-90 mb-0 pc-img&#8221; animation_type=&#8221;zoomIn&#8221; css=&#8221;.vc_custom_1696426638419{margin-bottom: 15px !important;}&#8221;][\/vc_column_inner][vc_column_inner width=&#8221;1\/2&#8243;][vc_single_image image=&#8221;437&#8243; img_size=&#8221;full&#8221; animation_delay=&#8221;200&#8243; el_class=&#8221;mlh_imgservicio max-w-90 mb-0 pc-img&#8221; animation_type=&#8221;zoomIn&#8221; css=&#8221;.vc_custom_1696408738631{margin-bottom: 20px !important;}&#8221;][vc_single_image image=&#8221;437&#8243; img_size=&#8221;full&#8221; animation_delay=&#8221;200&#8243; el_class=&#8221;mlh_imgservicio max-w-90 mb-0 pc-img&#8221; animation_type=&#8221;zoomIn&#8221; css=&#8221;.vc_custom_1696408672514{margin-bottom: 15px !important;}&#8221;][\/vc_column_inner][\/vc_row_inner][\/vc_column][vc_column width=&#8221;1\/2&#8243; css=&#8221;.vc_custom_1696408102384{background-position: center !important;background-repeat: no-repeat !important;background-size: cover !important;}&#8221; conditional_render=&#8221;%5B%7B%22value_role%22%3A%22administrator%22%7D%5D&#8221; el_class=&#8221;MLH_centrado&#8221;][vc_custom_heading text=&#8221;Treballs en altura<br \/>\n<strong>sense bastida<\/strong>&#8221; font_container=&#8221;tag:h2|font_size:33px|text_align:left|line_height:1.2em&#8221; use_theme_fonts=&#8221;yes&#8221; font_weight=&#8221;700&#8243; letter_spacing=&#8221;-0.5px&#8221; css=&#8221;.vc_custom_1696491816130{margin-bottom: 10px !important;}&#8221;][vc_column_text css=&#8221;.vc_custom_1696412530899{margin-bottom: 15px !important;}&#8221;]<\/p>\n<p class=\"mb-sm justify\"><strong>MECSA REHABILITA<\/strong> disposa d\u00b4equips t\u00e8cnics i professionals perfectament preparats i formats adequadament i amb un alt grau d\u00b4experi\u00e8ncia per a aquest tipus de tasques. L&#8217;agilitat d&#8217;aquests m\u00e8todes ens permet reduir els costos i els temps d&#8217;intervenci\u00f3.<\/p>\n<p>[\/vc_column_text][\/vc_column][\/vc_row][\/vc_section]<\/p>\n<\/div>","protected":false},"excerpt":{"rendered":"<p>[vc_section full_width=&#8221;stretch_row&#8221; bottom_divider_type=&#8221;custom&#8221; bottom_divider_custom=&#8221;JTNDc3ZnJTIweG1sbnMlM0QlMjJodHRwJTNBJTJGJTJGd3d3LnczLm9yZyUyRjIwMDAlMkZzdmclMjIlMjB2aWV3Qm94JTNEJTIyMCUyMDAlMjAxMjAwJTIwMTk0LjMlMjIlMjBwcmVzZXJ2ZUFzcGVjdFJhdGlvJTNEJTIybm9uZSUyMiUzRSUzQ3BhdGglMjBkJTNEJTIyTTEyMDAlMjAxMzMuM2wtNTAlMjA4LjljLTUwJTIwOC42LTE1MCUyMDI2LjktMjUwJTIwMzEuMS0xMDAlMjA0LjItMjAwLTQuMi0zMDAtMjYuN1M0MDAlMjA4OS4yJTIwMzAwJTIwNjIuMkMyMDAlMjAzNS44JTIwMTAwJTIwMTcuNSUyMDUwJTIwOC45TDAlMjAwdjE5NC4zaDEyMDB2LTYxeiUyMiUzRSUzQyUyRnBhdGglM0UlM0MlMkZzdmclM0U=&#8221; conditional_render=&#8221;%5B%7B%22value_role%22%3A%22administrator%22%7D%5D&#8221; css=&#8221;.vc_custom_1696589663335{padding-top: 50px !important;padding-bottom: 80px !important;background-position: center !important;background-repeat: no-repeat !important;background-size: cover !important;}&#8221; bottom_divider_height=&#8221;50px&#8221; bottom_divider_color=&#8221;#c1e079&#8243;][vc_row][vc_column width=&#8221;1\/2&#8243;][vc_single_image image=&#8221;528&#8243; img_size=&#8221;full&#8221; animation_delay=&#8221;200&#8243; el_class=&#8221;mlh_imgservicio max-w-90 mb-0 pc-img&#8221; animation_type=&#8221;zoomIn&#8221;][\/vc_column][vc_column width=&#8221;1\/2&#8243; el_class=&#8221;MLH_centrado&#8221; conditional_render=&#8221;%5B%7B%22value_role%22%3A%22administrator%22%7D%5D&#8221;][vc_custom_heading text=&#8221;Especialistes en treballs de dif\u00edcil acc\u00e9s&#8221; font_container=&#8221;tag:h2|font_size:33px|text_align:left|line_height:1.2em&#8221; use_theme_fonts=&#8221;yes&#8221; font_weight=&#8221;700&#8243; letter_spacing=&#8221;-0.5px&#8221; css=&#8221;.vc_custom_1696491787497{margin-bottom: 10px !important;}&#8221;][vc_custom_heading text=&#8221;Soluci\u00f3 \u00f2ptima quan els sistemes tradicionals per a treballs en altura (tipus [&hellip;]<\/p>\n","protected":false},"author":1,"featured_media":0,"parent":0,"menu_order":0,"comment_status":"closed","ping_status":"closed","template":"","meta":{"_seopress_robots_primary_cat":"","_seopress_titles_title":"","_seopress_titles_desc":"MECSA Rehabilita: Especialistes en treballs en altura sense bastides. T&#039;ajudem a accedir a llocs de dif\u00edcil acc\u00e9s de manera segura i eficient.","_seopress_robots_index":"","footnotes":""},"class_list":["post-1173","page","type-page","status-publish","hentry"],"_links":{"self":[{"href":"https:\/\/mecsarehabilita.com\/ca\/wp-json\/wp\/v2\/pages\/1173","targetHints":{"allow":["GET"]}}],"collection":[{"href":"https:\/\/mecsarehabilita.com\/ca\/wp-json\/wp\/v2\/pages"}],"about":[{"href":"https:\/\/mecsarehabilita.com\/ca\/wp-json\/wp\/v2\/types\/page"}],"author":[{"embeddable":true,"href":"https:\/\/mecsarehabilita.com\/ca\/wp-json\/wp\/v2\/users\/1"}],"replies":[{"embeddable":true,"href":"https:\/\/mecsarehabilita.com\/ca\/wp-json\/wp\/v2\/comments?post=1173"}],"version-history":[{"count":2,"href":"https:\/\/mecsarehabilita.com\/ca\/wp-json\/wp\/v2\/pages\/1173\/revisions"}],"predecessor-version":[{"id":1175,"href":"https:\/\/mecsarehabilita.com\/ca\/wp-json\/wp\/v2\/pages\/1173\/revisions\/1175"}],"wp:attachment":[{"href":"https:\/\/mecsarehabilita.com\/ca\/wp-json\/wp\/v2\/media?parent=1173"}],"curies":[{"name":"wp","href":"https:\/\/api.w.org\/{rel}","templated":true}]}}