{"id":1164,"date":"2023-10-03T13:15:37","date_gmt":"2023-10-03T12:15:37","guid":{"rendered":"https:\/\/staging.microlabhard.com\/mecsarehabilita\/reformes-interiors\/"},"modified":"2023-10-20T09:27:35","modified_gmt":"2023-10-20T08:27:35","slug":"reformes-interiors","status":"publish","type":"page","link":"https:\/\/mecsarehabilita.com\/ca\/reformes-interiors\/","title":{"rendered":"Reformes Interiors"},"content":{"rendered":"<div class=\"wpb-content-wrapper\"><p>[vc_section full_width=&#8221;stretch_row&#8221; bottom_divider_type=&#8221;custom&#8221; bottom_divider_custom=&#8221;JTNDc3ZnJTIweG1sbnMlM0QlMjJodHRwJTNBJTJGJTJGd3d3LnczLm9yZyUyRjIwMDAlMkZzdmclMjIlMjB2aWV3Qm94JTNEJTIyMCUyMDAlMjAxMjAwJTIwMTk0LjMlMjIlMjBwcmVzZXJ2ZUFzcGVjdFJhdGlvJTNEJTIybm9uZSUyMiUzRSUzQ3BhdGglMjBkJTNEJTIyTTEyMDAlMjAxMzMuM2wtNTAlMjA4LjljLTUwJTIwOC42LTE1MCUyMDI2LjktMjUwJTIwMzEuMS0xMDAlMjA0LjItMjAwLTQuMi0zMDAtMjYuN1M0MDAlMjA4OS4yJTIwMzAwJTIwNjIuMkMyMDAlMjAzNS44JTIwMTAwJTIwMTcuNSUyMDUwJTIwOC45TDAlMjAwdjE5NC4zaDEyMDB2LTYxeiUyMiUzRSUzQyUyRnBhdGglM0UlM0MlMkZzdmclM0U=&#8221; conditional_render=&#8221;%5B%7B%22value_role%22%3A%22administrator%22%7D%5D&#8221; css=&#8221;.vc_custom_1696589387017{padding-top: 50px !important;padding-bottom: 80px !important;background-position: center !important;background-repeat: no-repeat !important;background-size: cover !important;}&#8221; bottom_divider_color=&#8221;#c1e079&#8243; bottom_divider_height=&#8221;50px&#8221;][vc_row][vc_column width=&#8221;1\/2&#8243;][vc_single_image image=&#8221;531&#8243; img_size=&#8221;full&#8221; animation_delay=&#8221;200&#8243; el_class=&#8221;mlh_imgservicio max-w-90 mb-0 pc-img&#8221; animation_type=&#8221;zoomIn&#8221;][\/vc_column][vc_column width=&#8221;1\/2&#8243; el_class=&#8221;MLH_centrado&#8221; conditional_render=&#8221;%5B%7B%22value_role%22%3A%22administrator%22%7D%5D&#8221;][vc_custom_heading text=&#8221;Ens ocupem de transformar<br \/>\n<strong>el seu somni realitat<\/strong>&#8221; font_container=&#8221;tag:h2|font_size:33px|text_align:left|line_height:1.2em&#8221; use_theme_fonts=&#8221;yes&#8221; font_weight=&#8221;700&#8243; letter_spacing=&#8221;-0.5px&#8221; css=&#8221;.vc_custom_1696491546231{margin-bottom: 10px !important;}&#8221;][vc_custom_heading text=&#8221;Permeteu que el nostre equip d&apos;<strong>ARQUITECTURA<\/strong> i <strong>INTERIORISME<\/strong> interpreti les vostres necessitats. Deixeu-nos assessorar-vos amb enginy en el vostre projecte optimitzant la vostra inversi\u00f3 i aix\u00ed junts trobar la soluci\u00f3 que ho faci realitat.&#8221; font_container=&#8221;tag:h4|font_size:18px|text_align:left|line_height:1.3em&#8221; use_theme_fonts=&#8221;yes&#8221; font_weight=&#8221;500&#8243; letter_spacing=&#8221;-0.5px&#8221; css=&#8221;.vc_custom_1696413277486{margin-bottom: 25px !important;}&#8221;][vc_btn title=&#8221;DEMANAR PRESSUPOST&#8221; align=&#8221;left&#8221; link=&#8221;url:https%3A%2F%2Fmecsarehabilita.com%2F%23contacto|&#8221; el_class=&#8221;mlh_btn mlh_btngrey&#8221;][\/vc_column][\/vc_row][\/vc_section][vc_section full_width=&#8221;stretch_row&#8221; top_divider_type=&#8221;custom&#8221; top_divider_custom=&#8221;JTNDc3ZnJTIweG1sbnMlM0QlMjJodHRwJTNBJTJGJTJGd3d3LnczLm9yZyUyRjIwMDAlMkZzdmclMjIlMjB2aWV3Qm94JTNEJTIyMCUyMDAlMjAxMjAwJTIwMTk0LjMlMjIlMjBwcmVzZXJ2ZUFzcGVjdFJhdGlvJTNEJTIybm9uZSUyMiUzRSUzQ3BhdGglMjBkJTNEJTIyTTEyMDAlMjAxMzMuM2wtNTAlMjA4LjljLTUwJTIwOC42LTE1MCUyMDI2LjktMjUwJTIwMzEuMS0xMDAlMjA0LjItMjAwLTQuMi0zMDAtMjYuN1M0MDAlMjA4OS4yJTIwMzAwJTIwNjIuMkMyMDAlMjAzNS44JTIwMTAwJTIwMTcuNSUyMDUwJTIwOC45TDAlMjAwdjE5NC4zaDEyMDB2LTYxeiUyMiUzRSUzQyUyRnBhdGglM0UlM0MlMkZzdmclM0U=&#8221; top_divider_flip=&#8221;true&#8221; top_divider_invert=&#8221;true&#8221; conditional_render=&#8221;%5B%7B%22value_role%22%3A%22administrator%22%7D%5D&#8221; css=&#8221;.vc_custom_1696589394448{padding-top: 90px !important;padding-bottom: 40px !important;background-color: #f1f1f1 !important;background-position: center !important;background-repeat: no-repeat !important;background-size: cover !important;}&#8221; top_divider_color=&#8221;#c1e079&#8243; top_divider_height=&#8221;50px&#8221;][vc_row][vc_column width=&#8221;2\/3&#8243; el_class=&#8221;MLH_centrado&#8221; conditional_render=&#8221;%5B%7B%22value_role%22%3A%22administrator%22%7D%5D&#8221;][vc_custom_heading text=&#8221;L&apos;<strong>ajudem a imaginar-ho<\/strong><br \/>\nperqu\u00e8 pugui viure&apos;l&#8221; font_container=&#8221;tag:h2|font_size:33px|text_align:left|line_height:1.2em&#8221; use_theme_fonts=&#8221;yes&#8221; font_weight=&#8221;700&#8243; letter_spacing=&#8221;-0.5px&#8221; css=&#8221;.vc_custom_1696491663188{margin-bottom: 10px !important;}&#8221;][vc_custom_heading text=&#8221;Amb un enfocament integral i des de zero realitzem el projecte de la vostra llar o negoci.&#8221; font_container=&#8221;tag:h4|font_size:18px|text_align:left|line_height:1.2em&#8221; use_theme_fonts=&#8221;yes&#8221; font_weight=&#8221;500&#8243; letter_spacing=&#8221;-0.5px&#8221; css=&#8221;.vc_custom_1696406696744{margin-bottom: 25px !important;}&#8221;]<div class=\"porto-sicon-box  wpb_custom_57b869d2e0cc1e8f893fdc15a0d0e9e9 style_1 default-icon\"><div class=\"porto-sicon-default\"><div class=\"porto-just-icon-wrapper porto-sicon-img  porto-icon-9f5d1cfb45d27d96b50bf473aebba227\" style=\"font-size: 60px;\"><img loading=\"lazy\" decoding=\"async\" class=\"img-icon\" alt=\"mecsarehabilita.com\" src=\"https:\/\/mecsarehabilita.com\/wp-content\/uploads\/2023\/10\/numero-1.png\" width=\"512\" height=\"512\" \/><\/div><\/div><div class=\"porto-sicon-header\"><h3 class=\"porto-sicon-title\" style=\"\">Comen\u00e7arem pel projecte d&#039;arquitectura interior.<\/h3><p>Parem molta atenci\u00f3 a les vostres necessitats, gustos i prefer\u00e8ncies.<\/p><\/div> <!-- header --><\/div><!-- porto-sicon-box --><div class=\"porto-sicon-box  wpb_custom_57b869d2e0cc1e8f893fdc15a0d0e9e9 style_1 default-icon\"><div class=\"porto-sicon-default\"><div class=\"porto-just-icon-wrapper porto-sicon-img  porto-icon-9f5d1cfb45d27d96b50bf473aebba227\" style=\"font-size: 60px;\"><img loading=\"lazy\" decoding=\"async\" class=\"img-icon\" alt=\"mecsarehabilita.com\" src=\"https:\/\/mecsarehabilita.com\/wp-content\/uploads\/2023\/10\/numero-2.png\" width=\"512\" height=\"512\" \/><\/div><\/div><div class=\"porto-sicon-header\"><h3 class=\"porto-sicon-title\" style=\"\">Es realitzaran esbossos i renders (imatges de realitat virtual en 3D)<\/h3><p>Fins aconseguir plasmar LA SEVA IDEA i convertir-la en un DISSENY \u00daNIC I PERSONAL.<\/p><\/div> <!-- header --><\/div><!-- porto-sicon-box --><div class=\"porto-sicon-box  wpb_custom_57b869d2e0cc1e8f893fdc15a0d0e9e9 style_1 default-icon\"><div class=\"porto-sicon-default\"><div class=\"porto-just-icon-wrapper porto-sicon-img  porto-icon-9f5d1cfb45d27d96b50bf473aebba227\" style=\"font-size: 60px;\"><img loading=\"lazy\" decoding=\"async\" class=\"img-icon\" alt=\"mecsarehabilita.com\" src=\"https:\/\/mecsarehabilita.com\/wp-content\/uploads\/2023\/10\/numero-3.png\" width=\"512\" height=\"512\" \/><\/div><\/div><div class=\"porto-sicon-header\"><h3 class=\"porto-sicon-title\" style=\"\">Redactarem el projecte executiu i finalment realitzarem les obres.<\/h3><p>Sempre tenint en compte loptimitzaci\u00f3 dels temps i costos de construcci\u00f3.<\/p><\/div> <!-- header --><\/div><!-- porto-sicon-box -->[\/vc_column][vc_column width=&#8221;1\/3&#8243; el_class=&#8221;MLH_centrado&#8221; conditional_render=&#8221;%5B%7B%22value_role%22%3A%22administrator%22%7D%5D&#8221;][vc_single_image image=&#8221;377&#8243; img_size=&#8221;full&#8221; animation_delay=&#8221;200&#8243; el_class=&#8221;max-w-90 mb-0 pc-img&#8221; animation_type=&#8221;zoomIn&#8221;][vc_single_image image=&#8221;530&#8243; img_size=&#8221;full&#8221; animation_delay=&#8221;300&#8243; el_class=&#8221;pc-img-about pc-img&#8221; animation_type=&#8221;zoomIn&#8221;][\/vc_column][\/vc_row][\/vc_section][vc_section full_width=&#8221;stretch_row&#8221; bottom_divider_type=&#8221;custom&#8221; bottom_divider_custom=&#8221;JTNDc3ZnJTIweG1sbnMlM0QlMjJodHRwJTNBJTJGJTJGd3d3LnczLm9yZyUyRjIwMDAlMkZzdmclMjIlMjB2aWV3Qm94JTNEJTIyMCUyMDAlMjAxMjAwJTIwMTk0LjMlMjIlMjBwcmVzZXJ2ZUFzcGVjdFJhdGlvJTNEJTIybm9uZSUyMiUzRSUzQ3BhdGglMjBkJTNEJTIyTTEyMDAlMjAxMzMuM2wtNTAlMjA4LjljLTUwJTIwOC42LTE1MCUyMDI2LjktMjUwJTIwMzEuMS0xMDAlMjA0LjItMjAwLTQuMi0zMDAtMjYuN1M0MDAlMjA4OS4yJTIwMzAwJTIwNjIuMkMyMDAlMjAzNS44JTIwMTAwJTIwMTcuNSUyMDUwJTIwOC45TDAlMjAwdjE5NC4zaDEyMDB2LTYxeiUyMiUzRSUzQyUyRnBhdGglM0UlM0MlMkZzdmclM0U=&#8221; bottom_divider_flip=&#8221;true&#8221; conditional_render=&#8221;%5B%7B%22value_role%22%3A%22administrator%22%7D%5D&#8221; css=&#8221;.vc_custom_1696589401885{padding-top: 70px !important;padding-bottom: 70px !important;background-position: center !important;background-repeat: no-repeat !important;background-size: cover !important;}&#8221; bottom_divider_color=&#8221;#716f6f&#8221; bottom_divider_height=&#8221;50px&#8221;][vc_row full_width=&#8221;stretch_row&#8221; conditional_render=&#8221;%5B%7B%22value_role%22%3A%22administrator%22%7D%5D&#8221; css=&#8221;.vc_custom_1696406883146{padding-top: 0px !important;padding-bottom: 0px !important;}&#8221;][vc_column width=&#8221;1\/2&#8243; conditional_render=&#8221;%5B%7B%22value_role%22%3A%22administrator%22%7D%5D&#8221;][vc_row_inner][vc_column_inner el_class=&#8221;MLH_centrado&#8221; width=&#8221;1\/2&#8243; css=&#8221;.vc_custom_1696408720475{padding-right: 5px !important;}&#8221;][vc_single_image image=&#8221;531&#8243; img_size=&#8221;340&#215;465&#8243; animation_delay=&#8221;200&#8243; el_class=&#8221;mlh_imgservicio max-w-90 mb-0 pc-img&#8221; animation_type=&#8221;zoomIn&#8221; css=&#8221;.vc_custom_1696425913920{margin-bottom: 15px !important;}&#8221;][\/vc_column_inner][vc_column_inner width=&#8221;1\/2&#8243;][vc_single_image image=&#8221;516&#8243; img_size=&#8221;full&#8221; animation_delay=&#8221;200&#8243; el_class=&#8221;mlh_imgservicio max-w-90 mb-0 pc-img&#8221; animation_type=&#8221;zoomIn&#8221; css=&#8221;.vc_custom_1696425895593{margin-bottom: 20px !important;}&#8221;][vc_single_image image=&#8221;530&#8243; img_size=&#8221;full&#8221; animation_delay=&#8221;200&#8243; el_class=&#8221;mlh_imgservicio max-w-90 mb-0 pc-img&#8221; animation_type=&#8221;zoomIn&#8221; css=&#8221;.vc_custom_1696425904786{margin-bottom: 15px !important;}&#8221;][\/vc_column_inner][\/vc_row_inner][\/vc_column][vc_column width=&#8221;1\/2&#8243; css=&#8221;.vc_custom_1696408102384{background-position: center !important;background-repeat: no-repeat !important;background-size: cover !important;}&#8221; conditional_render=&#8221;%5B%7B%22value_role%22%3A%22administrator%22%7D%5D&#8221; el_class=&#8221;MLH_centrado&#8221;][vc_custom_heading text=&#8221;Reformes <strong>integrals<\/strong>&#8221; font_container=&#8221;tag:h2|font_size:33px|text_align:left|line_height:1.2em&#8221; use_theme_fonts=&#8221;yes&#8221; font_weight=&#8221;700&#8243; letter_spacing=&#8221;-0.5px&#8221; css=&#8221;.vc_custom_1696491681719{margin-bottom: 10px !important;}&#8221;][vc_column_text css=&#8221;.vc_custom_1696408171715{margin-bottom: 15px !important;}&#8221;]<\/p>\n<p class=\"mb-sm justify\">Un habitatge usat i alhora nou tamb\u00e9 \u00e9s possible gr\u00e0cies a la reforma integral. A MECSA REHABILITA us proposem solucions integrals perqu\u00e8 pugueu gaudir al vostre habitatge de la qualitat de vida que ens ofereixen les noves t\u00e8cniques i solucions constructives actuals.<\/p>\n<p class=\"mb-sm justify\">La soluci\u00f3 integral que us proposarem far\u00e0 que es pugui despreocupar del proc\u00e9s constructiu, una reuni\u00f3 amb el nostre equip d&#8217;ARQUITECTURA i INTERIORISME servir\u00e0 per mostrar-vos les millores en tots els nivells (comoditat, qualitat, efici\u00e8ncia energ\u00e8tica&#8230;) que podreu gaudir a casa vostra. .<\/p>\n<p>[\/vc_column_text][\/vc_column][\/vc_row][\/vc_section][vc_section full_width=&#8221;stretch_row&#8221; top_divider_type=&#8221;custom&#8221; top_divider_custom=&#8221;JTNDc3ZnJTIweG1sbnMlM0QlMjJodHRwJTNBJTJGJTJGd3d3LnczLm9yZyUyRjIwMDAlMkZzdmclMjIlMjB2aWV3Qm94JTNEJTIyMCUyMDAlMjAxMjAwJTIwMTk0LjMlMjIlMjBwcmVzZXJ2ZUFzcGVjdFJhdGlvJTNEJTIybm9uZSUyMiUzRSUzQ3BhdGglMjBkJTNEJTIyTTEyMDAlMjAxMzMuM2wtNTAlMjA4LjljLTUwJTIwOC42LTE1MCUyMDI2LjktMjUwJTIwMzEuMS0xMDAlMjA0LjItMjAwLTQuMi0zMDAtMjYuN1M0MDAlMjA4OS4yJTIwMzAwJTIwNjIuMkMyMDAlMjAzNS44JTIwMTAwJTIwMTcuNSUyMDUwJTIwOC45TDAlMjAwdjE5NC4zaDEyMDB2LTYxeiUyMiUzRSUzQyUyRnBhdGglM0UlM0MlMkZzdmclM0U=&#8221; top_divider_invert=&#8221;true&#8221; conditional_render=&#8221;%5B%7B%22value_role%22%3A%22administrator%22%7D%5D&#8221; css=&#8221;.vc_custom_1696589407041{padding-top: 90px !important;padding-bottom: 70px !important;background-color: #f1f1f1 !important;}&#8221; top_divider_color=&#8221;#716f6f&#8221; top_divider_height=&#8221;50px&#8221;][vc_row][vc_column width=&#8221;2\/3&#8243; el_class=&#8221;MLH_centrado&#8221; conditional_render=&#8221;%5B%7B%22value_role%22%3A%22administrator%22%7D%5D&#8221;][vc_custom_heading text=&#8221;Reformem habitatges,<br \/>\n<strong>creem llars<\/strong>&#8221; font_container=&#8221;tag:h2|font_size:33px|text_align:left|line_height:1.1em&#8221; use_theme_fonts=&#8221;yes&#8221; font_weight=&#8221;700&#8243; letter_spacing=&#8221;-0.5px&#8221; css=&#8221;.vc_custom_1696491696264{margin-bottom: 20px !important;}&#8221;][vc_row_inner][vc_column_inner width=&#8221;1\/2&#8243;]<div class=\"porto-sicon-box mlh_srshadow  wpb_custom_ca61d4d96c989079cefaf16e2cf4589d style_1 top-icon\"><div class=\"porto-sicon-top\"><div class=\"porto-just-icon-wrapper porto-icon none\" style=\"color:#c1e079;font-size:25px;\"><i class=\"fas fa-stop\"><\/i><\/div><\/div><div class=\"porto-sicon-header\"><h3 class=\"porto-sicon-title\" style=\"\">Alternativa mixta al mercat immobiliari<\/h3><\/div> <!-- header --><div class=\"porto-sicon-description\" style=\"\">Una reforma d&#8217;aquest tipus revaloritzar\u00e0 la inversi\u00f3 realitzada en la compra de l&#8217;immoble i permetr\u00e0 un retorn via venda o lloguer molt m\u00e9s r\u00e0pid.<\/div> <!-- description --><\/div><!-- porto-sicon-box -->[\/vc_column_inner][vc_column_inner width=&#8221;1\/2&#8243;]<div class=\"porto-sicon-box mlh_srshadow  wpb_custom_ca61d4d96c989079cefaf16e2cf4589d style_1 top-icon\"><div class=\"porto-sicon-top\"><div class=\"porto-just-icon-wrapper porto-icon none\" style=\"color:#c1e079;font-size:25px;\"><i class=\"fas fa-stop\"><\/i><\/div><\/div><div class=\"porto-sicon-header\"><h3 class=\"porto-sicon-title\" style=\"\">Equip especialitzat en disseny i interiorisme<\/h3><\/div> <!-- header --><div class=\"porto-sicon-description\" style=\"\">Disposem d&#8217;operaris i industrials que portaran a terme el vostre projecte d&#8217;obra o decoraci\u00f3, sempre amb la satisfacci\u00f3 d&#8217;haver complert les vostres expectatives.<\/div> <!-- description --><\/div><!-- porto-sicon-box -->[\/vc_column_inner][\/vc_row_inner][\/vc_column][vc_column width=&#8221;1\/3&#8243; el_class=&#8221;MLH_centrado&#8221; conditional_render=&#8221;%5B%7B%22value_role%22%3A%22administrator%22%7D%5D&#8221;][vc_single_image image=&#8221;517&#8243; img_size=&#8221;340&#215;400&#8243; animation_delay=&#8221;200&#8243; el_class=&#8221;mlh_imgservicio max-w-90 mb-0 pc-img&#8221; animation_type=&#8221;zoomIn&#8221;][\/vc_column][\/vc_row][\/vc_section][vc_section full_width=&#8221;stretch_row&#8221; conditional_render=&#8221;%5B%7B%22value_role%22%3A%22administrator%22%7D%5D&#8221;][vc_row full_width=&#8221;stretch_row&#8221; conditional_render=&#8221;%5B%7B%22value_role%22%3A%22administrator%22%7D%5D&#8221;][vc_column][vc_custom_heading text=&#8221;Obres realitzades&#8221; font_container=&#8221;tag:h2|font_size:33px|text_align:left|line_height:1.1em&#8221; use_theme_fonts=&#8221;yes&#8221; font_weight=&#8221;700&#8243; letter_spacing=&#8221;-0.5px&#8221; css=&#8221;.vc_custom_1696595330393{margin-bottom: 20px !important;}&#8221;]<div id=\"porto-carousel-891018636a0486f93c5bc\" class=\"porto-carousel-wrapper\" data-gutter=\"15\" data-rtl=\"false\" ><div class=\"porto-ultimate-carousel porto-carousel-98325776a0486f93c588 \" ><div class=\"porto-item-wrap\"><div class=\"porto-portfolios porto-portfoliossqaj wpb_content_element  mlh_ser_relacionados porto-portfolio-d9238f83ac854bc84c448f5b33a919a8\"><style>.porto-portfolio-d9238f83ac854bc84c448f5b33a919a8 .thumb-info .thumb-info-title { color: #ffffff }<\/style>\r\n\t<div class=\"page-portfolios clearfix portfolios-masonry wpb_custom_65b7ee7ac7c006d206e449e697e723fa\" id=\"porto_portfolios_gho0\">\r\n\r\n\t\r\n\t\r\n\t\t\t<div class=\"portfolios-container portfolio-row portfolio-row-3 classic\">\r\n\r\n\t\r\n\t\t<article class=\"portfolio portfolio-masonry  portfolio-col-3 reformes-interior post-1233 type-portfolio status-publish has-post-thumbnail hentry portfolio_cat-reformes-interior\">\r\n\t\t\t\t<h3 class=\"entry-title\" style=\"display: none;\">Reforma Oficines LastMinute<\/h3><span class=\"vcard\" style=\"display: none;\"><span class=\"fn\"><\/span><\/span><span class=\"updated\" style=\"display:none\">2023-10-02T12:24:14+01:00<\/span>\t\t<div class=\"portfolio-item default\">\r\n\t\t\t\t\t\t<a aria-label=\"Go to portfolio page\" class=\"text-decoration-none portfolio-link\" href=\"https:\/\/mecsarehabilita.com\/ca\/obra-realizada\/reforma-oficines-lastminute\/\">\r\n\t\t\t\t<span class=\"thumb-info thumb-info-no-borders thumb-info-lighten thumb-info-left-no-bg\">\r\n\t\t\t\t\t<span class=\"thumb-info-wrapper\">\r\n\t\t\t\t\t\t\t\t\t\t\t\t\t\t\t<img loading=\"lazy\" decoding=\"async\" class=\"img-responsive\" width=\"1200\" height=\"800\" src=\"https:\/\/mecsarehabilita.com\/wp-content\/uploads\/2023\/10\/reforma-oficinas-lastminute-001.jpg\" alt=\"mecsarehabilita.com\" \/>\r\n\t\t\t\t\t\t\t\t\t\r\n\t\t\t\t\t\t\r\n\t\t\t\t\t\t\t\t\t\t\t\t\t\t\t\t\t\t\t\t<span class=\"thumb-info-title\">\r\n\t\t\t\t\t\t\t\t<span class=\"thumb-info-inner\">Reforma Oficines LastMinute<\/span>\r\n\t\t\t\t\t\t\t\t\t\t\t\t\t\t\t\t\t\t<span class=\"thumb-info-type\">Reformes Interior<\/span>\r\n\t\t\t\t\t\t\t\t\t\t\t\t\t\t\t\t<\/span>\r\n\t\t\t\t\t\t\t\t\t\t\t\t\t\t\t\t\t\t\t\t\t\t\t\t\t\t<span class=\"thumb-info-action\">\r\n\t\t\t\t\t\t\t\t\t\t\t\t\t\t\t\t\t<span class=\"thumb-info-action-icon thumb-info-action-icon-dark opacity-8\"><i class=\"fa fa-link\"><\/i><\/span>\r\n\t\t\t\t\t\t\t\t\t\t\t\t\t\t\t\t\t\t\t\t\t\t\t<\/span>\r\n\t\t\t\t\t\t\t\t\t\t\t\t\t\t\t\t\t<\/span>\r\n\t\t\t\t<\/span>\r\n\t\t\t<\/a>\r\n\t\t\t\r\n\t\t\t\t\t<\/div>\r\n\t<\/article>\r\n\t\t<article class=\"portfolio portfolio-masonry  portfolio-col-3 reformes-interior post-1232 type-portfolio status-publish has-post-thumbnail hentry portfolio_cat-reformes-interior\">\r\n\t\t\t\t<h3 class=\"entry-title\" style=\"display: none;\">Reforma Xalet Castelldefels<\/h3><span class=\"vcard\" style=\"display: none;\"><span class=\"fn\"><\/span><\/span><span class=\"updated\" style=\"display:none\">2023-10-02T12:28:14+01:00<\/span>\t\t<div class=\"portfolio-item default\">\r\n\t\t\t\t\t\t<a aria-label=\"Go to portfolio page\" class=\"text-decoration-none portfolio-link\" href=\"https:\/\/mecsarehabilita.com\/ca\/obra-realizada\/reforma-xalet-castelldefels\/\">\r\n\t\t\t\t<span class=\"thumb-info thumb-info-no-borders thumb-info-lighten thumb-info-left-no-bg\">\r\n\t\t\t\t\t<span class=\"thumb-info-wrapper\">\r\n\t\t\t\t\t\t\t\t\t\t\t\t\t\t\t<img loading=\"lazy\" decoding=\"async\" class=\"img-responsive\" width=\"1200\" height=\"800\" src=\"https:\/\/mecsarehabilita.com\/wp-content\/uploads\/2023\/10\/reforma-chalet-castelldefels-001.jpg\" alt=\"mecsarehabilita.com\" \/>\r\n\t\t\t\t\t\t\t\t\t\r\n\t\t\t\t\t\t\r\n\t\t\t\t\t\t\t\t\t\t\t\t\t\t\t\t\t\t\t\t<span class=\"thumb-info-title\">\r\n\t\t\t\t\t\t\t\t<span class=\"thumb-info-inner\">Reforma Xalet Castelldefels<\/span>\r\n\t\t\t\t\t\t\t\t\t\t\t\t\t\t\t\t\t\t<span class=\"thumb-info-type\">Reformes Interior<\/span>\r\n\t\t\t\t\t\t\t\t\t\t\t\t\t\t\t\t<\/span>\r\n\t\t\t\t\t\t\t\t\t\t\t\t\t\t\t\t\t\t\t\t\t\t\t\t\t\t<span class=\"thumb-info-action\">\r\n\t\t\t\t\t\t\t\t\t\t\t\t\t\t\t\t\t<span class=\"thumb-info-action-icon thumb-info-action-icon-dark opacity-8\"><i class=\"fa fa-link\"><\/i><\/span>\r\n\t\t\t\t\t\t\t\t\t\t\t\t\t\t\t\t\t\t\t\t\t\t\t<\/span>\r\n\t\t\t\t\t\t\t\t\t\t\t\t\t\t\t\t\t<\/span>\r\n\t\t\t\t<\/span>\r\n\t\t\t<\/a>\r\n\t\t\t\r\n\t\t\t\t\t<\/div>\r\n\t<\/article>\r\n\t\r\n\t\r\n\t\r\n\t\t<\/div>\r\n\r\n\t\r\n\t\r\n\t<\/div>\r\n\r\n\t\r\n\t\t<div class=\"push-top m-b-xxl text-center\">\r\n\t\t\t<a class=\"btn btn-primary\" href=\"https:\/\/mecsarehabilita.com\/ca\/obras-realizadas\/\">Veure M\u00e9s<\/a>\r\n\t\t<\/div>\r\n\t\r\n\t\r\n\t<\/div><\/div><\/div><\/div><script type=\"text\/javascript\" id=\"ultimate-carousel\">\r\n\t(function(){\r\n\t\tvar porto_inc_slick_js = function() {\r\n\t\t\t( function( $ ) {\r\n\t\t\t\tif ( $.fn.slick ) {\r\n\t\t\t\t\t$('.porto-carousel-98325776a0486f93c588').slick({dots: true,autoplay: true,autoplaySpeed: 5000,speed: 300,infinite: true,arrows: true,nextArrow: '<button type=\"button\" role=\"button\" aria-label=\"Next\" style=\"color:#333333; font-size:20px;\" class=\"slick-next default\"><i class=\"fas fa-chevron-right\"><\/i><\/button>',prevArrow: '<button type=\"button\" role=\"button\" aria-label=\"Previous\" style=\"color:#333333; font-size:20px;\" class=\"slick-prev default\"><i class=\"fas fa-chevron-left\"><\/i><\/button>',slidesToScroll:1,slidesToShow:1,swipe: true,draggable: true,touchMove: true,pauseOnHover: true,responsive: [\r\n\t\t\t\t{\r\n\t\t\t\t  breakpoint: 1025,\r\n\t\t\t\t  settings: {\r\n\t\t\t\t\tslidesToShow: 1,\r\n\t\t\t\t\tslidesToScroll: 1,  \r\n\t\t\t\t  }\r\n\t\t\t\t},\r\n\t\t\t\t{\r\n\t\t\t\t  breakpoint: 769,\r\n\t\t\t\t  settings: {\r\n\t\t\t\t\tslidesToShow: 1,\r\n\t\t\t\t\tslidesToScroll: 1\r\n\t\t\t\t  }\r\n\t\t\t\t},\r\n\t\t\t\t{\r\n\t\t\t\t  breakpoint: 481,\r\n\t\t\t\t  settings: {\r\n\t\t\t\t\tslidesToShow: 1,\r\n\t\t\t\t\tslidesToScroll: 1\r\n\t\t\t\t  }\r\n\t\t\t\t}\r\n\t\t\t],pauseOnDotsHover: true,customPaging: function(slider, i) {\r\n\t   return '<i type=\"button\" style=\"color:#333333;\" class=\"far fa-circle\" data-role=\"none\"><\/i>';\r\n\t},});\r\n\t\t\t\t} else {\r\n\t\t\t\t\t\t\t\t}\r\n\t\t\t} )( jQuery );\r\n\t\t};\r\n\r\n\t\tif ( window.theme && theme.isLoaded ) {\r\n\t\t\tporto_inc_slick_js();\r\n\t\t} else {\r\n\t\t\twindow.addEventListener( 'load', porto_inc_slick_js );\r\n\t\t}\r\n\t})();\r\n<\/script>\r\n[\/vc_column][\/vc_row][\/vc_section]<\/p>\n<\/div>","protected":false},"excerpt":{"rendered":"<p>[vc_section full_width=&#8221;stretch_row&#8221; bottom_divider_type=&#8221;custom&#8221; bottom_divider_custom=&#8221;JTNDc3ZnJTIweG1sbnMlM0QlMjJodHRwJTNBJTJGJTJGd3d3LnczLm9yZyUyRjIwMDAlMkZzdmclMjIlMjB2aWV3Qm94JTNEJTIyMCUyMDAlMjAxMjAwJTIwMTk0LjMlMjIlMjBwcmVzZXJ2ZUFzcGVjdFJhdGlvJTNEJTIybm9uZSUyMiUzRSUzQ3BhdGglMjBkJTNEJTIyTTEyMDAlMjAxMzMuM2wtNTAlMjA4LjljLTUwJTIwOC42LTE1MCUyMDI2LjktMjUwJTIwMzEuMS0xMDAlMjA0LjItMjAwLTQuMi0zMDAtMjYuN1M0MDAlMjA4OS4yJTIwMzAwJTIwNjIuMkMyMDAlMjAzNS44JTIwMTAwJTIwMTcuNSUyMDUwJTIwOC45TDAlMjAwdjE5NC4zaDEyMDB2LTYxeiUyMiUzRSUzQyUyRnBhdGglM0UlM0MlMkZzdmclM0U=&#8221; conditional_render=&#8221;%5B%7B%22value_role%22%3A%22administrator%22%7D%5D&#8221; css=&#8221;.vc_custom_1696589387017{padding-top: 50px !important;padding-bottom: 80px !important;background-position: center !important;background-repeat: no-repeat !important;background-size: cover !important;}&#8221; bottom_divider_color=&#8221;#c1e079&#8243; bottom_divider_height=&#8221;50px&#8221;][vc_row][vc_column width=&#8221;1\/2&#8243;][vc_single_image image=&#8221;531&#8243; img_size=&#8221;full&#8221; animation_delay=&#8221;200&#8243; el_class=&#8221;mlh_imgservicio max-w-90 mb-0 pc-img&#8221; animation_type=&#8221;zoomIn&#8221;][\/vc_column][vc_column width=&#8221;1\/2&#8243; el_class=&#8221;MLH_centrado&#8221; conditional_render=&#8221;%5B%7B%22value_role%22%3A%22administrator%22%7D%5D&#8221;][vc_custom_heading text=&#8221;Ens ocupem de transformar el seu somni realitat&#8221; font_container=&#8221;tag:h2|font_size:33px|text_align:left|line_height:1.2em&#8221; use_theme_fonts=&#8221;yes&#8221; font_weight=&#8221;700&#8243; letter_spacing=&#8221;-0.5px&#8221; css=&#8221;.vc_custom_1696491546231{margin-bottom: 10px !important;}&#8221;][vc_custom_heading text=&#8221;Permeteu que el nostre equip d&apos;ARQUITECTURA i INTERIORISME interpreti les [&hellip;]<\/p>\n","protected":false},"author":1,"featured_media":0,"parent":0,"menu_order":0,"comment_status":"closed","ping_status":"closed","template":"","meta":{"_seopress_robots_primary_cat":"","_seopress_titles_title":"","_seopress_titles_desc":"Mecsa Rehabilita transforma els seus somnis en llars \u00faniques i personalitzades.","_seopress_robots_index":"","footnotes":""},"class_list":["post-1164","page","type-page","status-publish","hentry"],"_links":{"self":[{"href":"https:\/\/mecsarehabilita.com\/ca\/wp-json\/wp\/v2\/pages\/1164","targetHints":{"allow":["GET"]}}],"collection":[{"href":"https:\/\/mecsarehabilita.com\/ca\/wp-json\/wp\/v2\/pages"}],"about":[{"href":"https:\/\/mecsarehabilita.com\/ca\/wp-json\/wp\/v2\/types\/page"}],"author":[{"embeddable":true,"href":"https:\/\/mecsarehabilita.com\/ca\/wp-json\/wp\/v2\/users\/1"}],"replies":[{"embeddable":true,"href":"https:\/\/mecsarehabilita.com\/ca\/wp-json\/wp\/v2\/comments?post=1164"}],"version-history":[{"count":2,"href":"https:\/\/mecsarehabilita.com\/ca\/wp-json\/wp\/v2\/pages\/1164\/revisions"}],"predecessor-version":[{"id":1166,"href":"https:\/\/mecsarehabilita.com\/ca\/wp-json\/wp\/v2\/pages\/1164\/revisions\/1166"}],"wp:attachment":[{"href":"https:\/\/mecsarehabilita.com\/ca\/wp-json\/wp\/v2\/media?parent=1164"}],"curies":[{"name":"wp","href":"https:\/\/api.w.org\/{rel}","templated":true}]}}