{"id":1161,"date":"2023-10-04T15:15:33","date_gmt":"2023-10-04T14:15:33","guid":{"rendered":"https:\/\/staging.microlabhard.com\/mecsarehabilita\/projectes-i-direccio-dobres\/"},"modified":"2023-10-20T09:18:28","modified_gmt":"2023-10-20T08:18:28","slug":"projectes-i-direccio-dobres","status":"publish","type":"page","link":"https:\/\/mecsarehabilita.com\/ca\/projectes-i-direccio-dobres\/","title":{"rendered":"Projectes i direcci\u00f3 d&#8217;obres"},"content":{"rendered":"<div class=\"wpb-content-wrapper\"><p>[vc_section full_width=&#8221;stretch_row&#8221; bottom_divider_type=&#8221;custom&#8221; bottom_divider_custom=&#8221;JTNDc3ZnJTIweG1sbnMlM0QlMjJodHRwJTNBJTJGJTJGd3d3LnczLm9yZyUyRjIwMDAlMkZzdmclMjIlMjB2aWV3Qm94JTNEJTIyMCUyMDAlMjAxMjAwJTIwMTk0LjMlMjIlMjBwcmVzZXJ2ZUFzcGVjdFJhdGlvJTNEJTIybm9uZSUyMiUzRSUzQ3BhdGglMjBkJTNEJTIyTTEyMDAlMjAxMzMuM2wtNTAlMjA4LjljLTUwJTIwOC42LTE1MCUyMDI2LjktMjUwJTIwMzEuMS0xMDAlMjA0LjItMjAwLTQuMi0zMDAtMjYuN1M0MDAlMjA4OS4yJTIwMzAwJTIwNjIuMkMyMDAlMjAzNS44JTIwMTAwJTIwMTcuNSUyMDUwJTIwOC45TDAlMjAwdjE5NC4zaDEyMDB2LTYxeiUyMiUzRSUzQyUyRnBhdGglM0UlM0MlMkZzdmclM0U=&#8221; conditional_render=&#8221;%5B%7B%22value_role%22%3A%22administrator%22%7D%5D&#8221; css=&#8221;.vc_custom_1696590508289{padding-top: 50px !important;padding-bottom: 100px !important;background-position: center !important;background-repeat: no-repeat !important;background-size: cover !important;}&#8221; bottom_divider_color=&#8221;#c1e079&#8243; bottom_divider_height=&#8221;50px&#8221;][vc_row][vc_column width=&#8221;1\/2&#8243;][vc_single_image image=&#8221;437&#8243; img_size=&#8221;full&#8221; animation_delay=&#8221;200&#8243; el_class=&#8221;mlh_imgservicio max-w-90 mb-0 pc-img&#8221; animation_type=&#8221;zoomIn&#8221;][\/vc_column][vc_column width=&#8221;1\/2&#8243; el_class=&#8221;MLH_centrado&#8221; conditional_render=&#8221;%5B%7B%22value_role%22%3A%22administrator%22%7D%5D&#8221;][vc_custom_heading text=&#8221;Detecci\u00f3 preco\u00e7 de les<br \/>\n<strong>lesions i patologies<\/strong>&#8221; font_container=&#8221;tag:h2|font_size:33px|text_align:left|line_height:1.2em&#8221; use_theme_fonts=&#8221;yes&#8221; font_weight=&#8221;700&#8243; letter_spacing=&#8221;-0.5px&#8221; css=&#8221;.vc_custom_1696492292311{margin-bottom: 10px !important;}&#8221;][vc_custom_heading text=&#8221;Es pot aconseguir a trav\u00e9s de la <strong>Inspecci\u00f3 T\u00e8cnica de l&apos;Edifici (ITE)<\/strong> realitzada per un t\u00e8cnic competent qui inspeccionar\u00e0 l&apos;edifici en profunditat i plasmar\u00e0 en un informe l&apos;estat de conservaci\u00f3 del mateix.&#8221; font_container=&#8221;tag:h4|font_size:18px|text_align:left|line_height:1.3em&#8221; use_theme_fonts=&#8221;yes&#8221; font_weight=&#8221;400&#8243; letter_spacing=&#8221;-0.5px&#8221; css=&#8221;.vc_custom_1696428928317{margin-bottom: 25px !important;}&#8221;][vc_custom_heading text=&#8221;La ITE pot ser realitzada en qualsevol moment de manera preventiva, i \u00e9s <strong>obligat\u00f2ria en edificis a partir de 45 anys d&apos;antiguitat.<\/strong>&#8221; font_container=&#8221;tag:h4|font_size:18px|text_align:left|line_height:1.3em&#8221; use_theme_fonts=&#8221;yes&#8221; font_weight=&#8221;400&#8243; letter_spacing=&#8221;-0.5px&#8221; css=&#8221;.vc_custom_1696428838641{margin-bottom: 25px !important;}&#8221;][vc_btn title=&#8221;DEMANAR PRESSUPOST&#8221; align=&#8221;left&#8221; link=&#8221;url:https%3A%2F%2Fmecsarehabilita.com%2F%23contacto|&#8221; el_class=&#8221;mlh_btn mlh_btngreen&#8221;][\/vc_column][\/vc_row][\/vc_section][vc_section full_width=&#8221;stretch_row&#8221; top_divider_type=&#8221;custom&#8221; top_divider_custom=&#8221;JTNDc3ZnJTIweG1sbnMlM0QlMjJodHRwJTNBJTJGJTJGd3d3LnczLm9yZyUyRjIwMDAlMkZzdmclMjIlMjB2aWV3Qm94JTNEJTIyMCUyMDAlMjAxMjAwJTIwMTk0LjMlMjIlMjBwcmVzZXJ2ZUFzcGVjdFJhdGlvJTNEJTIybm9uZSUyMiUzRSUzQ3BhdGglMjBkJTNEJTIyTTEyMDAlMjAxMzMuM2wtNTAlMjA4LjljLTUwJTIwOC42LTE1MCUyMDI2LjktMjUwJTIwMzEuMS0xMDAlMjA0LjItMjAwLTQuMi0zMDAtMjYuN1M0MDAlMjA4OS4yJTIwMzAwJTIwNjIuMkMyMDAlMjAzNS44JTIwMTAwJTIwMTcuNSUyMDUwJTIwOC45TDAlMjAwdjE5NC4zaDEyMDB2LTYxeiUyMiUzRSUzQyUyRnBhdGglM0UlM0MlMkZzdmclM0U=&#8221; top_divider_flip=&#8221;true&#8221; top_divider_invert=&#8221;true&#8221; conditional_render=&#8221;%5B%7B%22value_role%22%3A%22administrator%22%7D%5D&#8221; css=&#8221;.vc_custom_1696590491249{padding-top: 90px !important;padding-bottom: 40px !important;background-color: #f1f1f1 !important;background-position: center !important;background-repeat: no-repeat !important;background-size: cover !important;}&#8221; top_divider_color=&#8221;#c1e079&#8243; top_divider_height=&#8221;50px&#8221;][vc_row][vc_column width=&#8221;1\/2&#8243; el_class=&#8221;MLH_centrado&#8221; conditional_render=&#8221;%5B%7B%22value_role%22%3A%22administrator%22%7D%5D&#8221;]<div class=\"porto-sicon-box  vc_custom_1696429422999  wpb_custom_9ff1dda4b25ef28262bac3b9f0c2704b style_1 default-icon\"><div class=\"porto-sicon-default\"><div class=\"porto-just-icon-wrapper porto-icon none\" style=\"color:#c1e079;font-size:18px;\"><i class=\"fas fa-stop\"><\/i><\/div><\/div><div class=\"porto-sicon-header\"><p class=\"porto-sicon-title\" style=\"\">Projectes de reforma i obra nova<\/p><\/div> <!-- header --><\/div><!-- porto-sicon-box --><div class=\"porto-sicon-box  vc_custom_1696429436510  wpb_custom_9ff1dda4b25ef28262bac3b9f0c2704b style_1 default-icon\"><div class=\"porto-sicon-default\"><div class=\"porto-just-icon-wrapper porto-icon none\" style=\"color:#c1e079;font-size:18px;\"><i class=\"fas fa-stop\"><\/i><\/div><\/div><div class=\"porto-sicon-header\"><p class=\"porto-sicon-title\" style=\"\">C\u00e0lcul i disseny de refor\u00e7os estructurals<\/p><\/div> <!-- header --><\/div><!-- porto-sicon-box --><div class=\"porto-sicon-box  vc_custom_1696429441962  wpb_custom_9ff1dda4b25ef28262bac3b9f0c2704b style_1 default-icon\"><div class=\"porto-sicon-default\"><div class=\"porto-just-icon-wrapper porto-icon none\" style=\"color:#c1e079;font-size:18px;\"><i class=\"fas fa-stop\"><\/i><\/div><\/div><div class=\"porto-sicon-header\"><p class=\"porto-sicon-title\" style=\"\">Projectes d\u00b4activitats i estudis de prevenci\u00f3 contra incendis<\/p><\/div> <!-- header --><\/div><!-- porto-sicon-box --><div class=\"porto-sicon-box  vc_custom_1696429447811  wpb_custom_9ff1dda4b25ef28262bac3b9f0c2704b style_1 default-icon\"><div class=\"porto-sicon-default\"><div class=\"porto-just-icon-wrapper porto-icon none\" style=\"color:#c1e079;font-size:18px;\"><i class=\"fas fa-stop\"><\/i><\/div><\/div><div class=\"porto-sicon-header\"><p class=\"porto-sicon-title\" style=\"\">C\u00e8dules d&#039;habitabilitat<\/p><\/div> <!-- header --><\/div><!-- porto-sicon-box --><div class=\"porto-sicon-box  vc_custom_1696429453569  wpb_custom_9ff1dda4b25ef28262bac3b9f0c2704b style_1 default-icon\"><div class=\"porto-sicon-default\"><div class=\"porto-just-icon-wrapper porto-icon none\" style=\"color:#c1e079;font-size:18px;\"><i class=\"fas fa-stop\"><\/i><\/div><\/div><div class=\"porto-sicon-header\"><p class=\"porto-sicon-title\" style=\"\">Certificats d&#039;Efici\u00e8ncia Energ\u00e8tica (CEE)<\/p><\/div> <!-- header --><\/div><!-- porto-sicon-box --><div class=\"porto-sicon-box  vc_custom_1696429460130  wpb_custom_9ff1dda4b25ef28262bac3b9f0c2704b style_1 default-icon\"><div class=\"porto-sicon-default\"><div class=\"porto-just-icon-wrapper porto-icon none\" style=\"color:#c1e079;font-size:18px;\"><i class=\"fas fa-stop\"><\/i><\/div><\/div><div class=\"porto-sicon-header\"><p class=\"porto-sicon-title\" style=\"\">Inspeccions T\u00e8cniques de l&#039;Edifici (ITE)<\/p><p>Obligat en edificis de m\u00e9s de 45 anys<\/p><\/div> <!-- header --><\/div><!-- porto-sicon-box -->[\/vc_column][vc_column width=&#8221;1\/2&#8243;]<div class=\"porto-sicon-box  vc_custom_1696429465817  wpb_custom_9ff1dda4b25ef28262bac3b9f0c2704b style_1 default-icon\"><div class=\"porto-sicon-default\"><div class=\"porto-just-icon-wrapper porto-icon none\" style=\"color:#c1e079;font-size:18px;\"><i class=\"fas fa-stop\"><\/i><\/div><\/div><div class=\"porto-sicon-header\"><p class=\"porto-sicon-title\" style=\"\">Projectes d\u00b4interiorisme i decoraci\u00f3<\/p><\/div> <!-- header --><\/div><!-- porto-sicon-box --><div class=\"porto-sicon-box  vc_custom_1696429471956  wpb_custom_9ff1dda4b25ef28262bac3b9f0c2704b style_1 default-icon\"><div class=\"porto-sicon-default\"><div class=\"porto-just-icon-wrapper porto-icon none\" style=\"color:#c1e079;font-size:18px;\"><i class=\"fas fa-stop\"><\/i><\/div><\/div><div class=\"porto-sicon-header\"><p class=\"porto-sicon-title\" style=\"\">Peritatges judicials i de part<\/p><\/div> <!-- header --><\/div><!-- porto-sicon-box --><div class=\"porto-sicon-box  vc_custom_1696429481496  wpb_custom_9ff1dda4b25ef28262bac3b9f0c2704b style_1 default-icon\"><div class=\"porto-sicon-default\"><div class=\"porto-just-icon-wrapper porto-icon none\" style=\"color:#c1e079;font-size:18px;\"><i class=\"fas fa-stop\"><\/i><\/div><\/div><div class=\"porto-sicon-header\"><p class=\"porto-sicon-title\" style=\"\">Coordinaci\u00f3 i direcci\u00f3 dobra<\/p><\/div> <!-- header --><\/div><!-- porto-sicon-box --><div class=\"porto-sicon-box  vc_custom_1696429487613  wpb_custom_9ff1dda4b25ef28262bac3b9f0c2704b style_1 default-icon\"><div class=\"porto-sicon-default\"><div class=\"porto-just-icon-wrapper porto-icon none\" style=\"color:#c1e079;font-size:18px;\"><i class=\"fas fa-stop\"><\/i><\/div><\/div><div class=\"porto-sicon-header\"><p class=\"porto-sicon-title\" style=\"\">Coordinaci\u00f3\/Taxacions immobili\u00e0ries de mercat<\/p><\/div> <!-- header --><\/div><!-- porto-sicon-box --><div class=\"porto-sicon-box  vc_custom_1696429494988  wpb_custom_9ff1dda4b25ef28262bac3b9f0c2704b style_1 default-icon\"><div class=\"porto-sicon-default\"><div class=\"porto-just-icon-wrapper porto-icon none\" style=\"color:#c1e079;font-size:18px;\"><i class=\"fas fa-stop\"><\/i><\/div><\/div><div class=\"porto-sicon-header\"><p class=\"porto-sicon-title\" style=\"\">Aixecament de pl\u00e0nols d&#039;edificacions<\/p><\/div> <!-- header --><\/div><!-- porto-sicon-box --><div class=\"porto-sicon-box  vc_custom_1696429501993  wpb_custom_9ff1dda4b25ef28262bac3b9f0c2704b style_1 default-icon\"><div class=\"porto-sicon-default\"><div class=\"porto-just-icon-wrapper porto-icon none\" style=\"color:#c1e079;font-size:18px;\"><i class=\"fas fa-stop\"><\/i><\/div><\/div><div class=\"porto-sicon-header\"><p class=\"porto-sicon-title\" style=\"\">Gesti\u00f3 de permisos i llic\u00e8ncia d&#039;obres<\/p><\/div> <!-- header --><\/div><!-- porto-sicon-box --><div class=\"porto-sicon-box  vc_custom_1696429508099  wpb_custom_9ff1dda4b25ef28262bac3b9f0c2704b style_1 default-icon\"><div class=\"porto-sicon-default\"><div class=\"porto-just-icon-wrapper porto-icon none\" style=\"color:#c1e079;font-size:18px;\"><i class=\"fas fa-stop\"><\/i><\/div><\/div><div class=\"porto-sicon-header\"><p class=\"porto-sicon-title\" style=\"\">Assessorament t\u00e8cnic<\/p><\/div> <!-- header --><\/div><!-- porto-sicon-box -->[\/vc_column][\/vc_row][\/vc_section][vc_section full_width=&#8221;stretch_row&#8221; conditional_render=&#8221;%5B%7B%22value_role%22%3A%22administrator%22%7D%5D&#8221; css=&#8221;.vc_custom_1696430507816{padding-top: 50px !important;padding-bottom: 0px !important;background-position: center !important;background-repeat: no-repeat !important;background-size: cover !important;}&#8221;][vc_row full_width=&#8221;stretch_row&#8221; conditional_render=&#8221;%5B%7B%22value_role%22%3A%22administrator%22%7D%5D&#8221; css=&#8221;.vc_custom_1696430510411{padding-top: 0px !important;padding-bottom: 0px !important;}&#8221;][vc_column width=&#8221;1\/3&#8243; conditional_render=&#8221;%5B%7B%22value_role%22%3A%22administrator%22%7D%5D&#8221;][vc_single_image image=&#8221;858&#8243; img_size=&#8221;full&#8221; animation_delay=&#8221;200&#8243; el_class=&#8221;mlh_imgservicio max-w-90 mb-0&#8243; animation_type=&#8221;zoomIn&#8221; css=&#8221;.vc_custom_1696431039849{margin-bottom: 0px !important;}&#8221;][\/vc_column][vc_column width=&#8221;2\/3&#8243; css=&#8221;.vc_custom_1696430552889{background-position: center !important;background-repeat: no-repeat !important;background-size: cover !important;}&#8221; conditional_render=&#8221;%5B%7B%22value_role%22%3A%22administrator%22%7D%5D&#8221; el_class=&#8221;MLH_centrado&#8221;][vc_custom_heading text=&#8221;<strong>T\u00e8cnics especialitzats<\/strong> en redacci\u00f3&#8221; font_container=&#8221;tag:h2|font_size:33px|text_align:left|line_height:1.2em&#8221; use_theme_fonts=&#8221;yes&#8221; font_weight=&#8221;700&#8243; letter_spacing=&#8221;-0.5px&#8221; css=&#8221;.vc_custom_1696492312450{margin-bottom: 10px !important;}&#8221;][vc_column_text css=&#8221;.vc_custom_1696430542853{margin-bottom: 40px !important;}&#8221;]<\/p>\n<p class=\"mb-sm justify\">MECSA REHABILITA posa a la vostra disposici\u00f3 t\u00e8cnics especialitzats en la redacci\u00f3 d&#8217;aquest tipus d&#8217;informes ITE. Un cop detectades i analitzades totes les defici\u00e8ncies que presenta l&#8217;edifici, els nostres t\u00e8cnics podran redactar un PROJECTE T\u00c8CNIC on es definiran les INTERVENCIONS CORRECTORES necess\u00e0ries per a l&#8217;\u00f2ptima REHABILITACI\u00d3 de l&#8217;edifici.<\/p>\n<p class=\"mb-sm justify\">Aix\u00ed mateix, es realitzen feines de COORDINACI\u00d3 DE SEGURETAT tenint en compte en tot moment de manera transversal en tots els \u00e0mbits, presa de decisions i plans de treball la prevenci\u00f3 en mat\u00e8ria de seguretat i salut per tal d&#8217;evitar riscos laborals que poguessin ocasionar danys al nostre personal aix\u00ed com a clients i tercers.<\/p>\n<p>[\/vc_column_text][\/vc_column][\/vc_row][\/vc_section]<\/p>\n<\/div>","protected":false},"excerpt":{"rendered":"<p>[vc_section full_width=&#8221;stretch_row&#8221; bottom_divider_type=&#8221;custom&#8221; bottom_divider_custom=&#8221;JTNDc3ZnJTIweG1sbnMlM0QlMjJodHRwJTNBJTJGJTJGd3d3LnczLm9yZyUyRjIwMDAlMkZzdmclMjIlMjB2aWV3Qm94JTNEJTIyMCUyMDAlMjAxMjAwJTIwMTk0LjMlMjIlMjBwcmVzZXJ2ZUFzcGVjdFJhdGlvJTNEJTIybm9uZSUyMiUzRSUzQ3BhdGglMjBkJTNEJTIyTTEyMDAlMjAxMzMuM2wtNTAlMjA4LjljLTUwJTIwOC42LTE1MCUyMDI2LjktMjUwJTIwMzEuMS0xMDAlMjA0LjItMjAwLTQuMi0zMDAtMjYuN1M0MDAlMjA4OS4yJTIwMzAwJTIwNjIuMkMyMDAlMjAzNS44JTIwMTAwJTIwMTcuNSUyMDUwJTIwOC45TDAlMjAwdjE5NC4zaDEyMDB2LTYxeiUyMiUzRSUzQyUyRnBhdGglM0UlM0MlMkZzdmclM0U=&#8221; conditional_render=&#8221;%5B%7B%22value_role%22%3A%22administrator%22%7D%5D&#8221; css=&#8221;.vc_custom_1696590508289{padding-top: 50px !important;padding-bottom: 100px !important;background-position: center !important;background-repeat: no-repeat !important;background-size: cover !important;}&#8221; bottom_divider_color=&#8221;#c1e079&#8243; bottom_divider_height=&#8221;50px&#8221;][vc_row][vc_column width=&#8221;1\/2&#8243;][vc_single_image image=&#8221;437&#8243; img_size=&#8221;full&#8221; animation_delay=&#8221;200&#8243; el_class=&#8221;mlh_imgservicio max-w-90 mb-0 pc-img&#8221; animation_type=&#8221;zoomIn&#8221;][\/vc_column][vc_column width=&#8221;1\/2&#8243; el_class=&#8221;MLH_centrado&#8221; conditional_render=&#8221;%5B%7B%22value_role%22%3A%22administrator%22%7D%5D&#8221;][vc_custom_heading text=&#8221;Detecci\u00f3 preco\u00e7 de les lesions i patologies&#8221; font_container=&#8221;tag:h2|font_size:33px|text_align:left|line_height:1.2em&#8221; use_theme_fonts=&#8221;yes&#8221; font_weight=&#8221;700&#8243; letter_spacing=&#8221;-0.5px&#8221; css=&#8221;.vc_custom_1696492292311{margin-bottom: 10px !important;}&#8221;][vc_custom_heading text=&#8221;Es pot aconseguir a trav\u00e9s de la Inspecci\u00f3 T\u00e8cnica de l&apos;Edifici [&hellip;]<\/p>\n","protected":false},"author":1,"featured_media":0,"parent":0,"menu_order":0,"comment_status":"closed","ping_status":"closed","template":"","meta":{"_seopress_robots_primary_cat":"","_seopress_titles_title":"","_seopress_titles_desc":"Mecsa Rehabilita ofereix un servei integral de projectes i direcci\u00f3 d&#039;obres, des de la detecci\u00f3 de patologies fins a l&#039;execuci\u00f3 de les obres.","_seopress_robots_index":"","footnotes":""},"class_list":["post-1161","page","type-page","status-publish","hentry"],"_links":{"self":[{"href":"https:\/\/mecsarehabilita.com\/ca\/wp-json\/wp\/v2\/pages\/1161","targetHints":{"allow":["GET"]}}],"collection":[{"href":"https:\/\/mecsarehabilita.com\/ca\/wp-json\/wp\/v2\/pages"}],"about":[{"href":"https:\/\/mecsarehabilita.com\/ca\/wp-json\/wp\/v2\/types\/page"}],"author":[{"embeddable":true,"href":"https:\/\/mecsarehabilita.com\/ca\/wp-json\/wp\/v2\/users\/1"}],"replies":[{"embeddable":true,"href":"https:\/\/mecsarehabilita.com\/ca\/wp-json\/wp\/v2\/comments?post=1161"}],"version-history":[{"count":2,"href":"https:\/\/mecsarehabilita.com\/ca\/wp-json\/wp\/v2\/pages\/1161\/revisions"}],"predecessor-version":[{"id":1163,"href":"https:\/\/mecsarehabilita.com\/ca\/wp-json\/wp\/v2\/pages\/1161\/revisions\/1163"}],"wp:attachment":[{"href":"https:\/\/mecsarehabilita.com\/ca\/wp-json\/wp\/v2\/media?parent=1161"}],"curies":[{"name":"wp","href":"https:\/\/api.w.org\/{rel}","templated":true}]}}