{"id":1138,"date":"2023-10-09T12:49:06","date_gmt":"2023-10-09T11:49:06","guid":{"rendered":"https:\/\/staging.microlabhard.com\/mecsarehabilita\/serveis\/"},"modified":"2023-10-24T10:10:53","modified_gmt":"2023-10-24T09:10:53","slug":"serveis","status":"publish","type":"page","link":"https:\/\/mecsarehabilita.com\/ca\/serveis\/","title":{"rendered":"Serveis"},"content":{"rendered":"<div class=\"wpb-content-wrapper\"><p>[vc_section full_width=&#8221;stretch_row&#8221; bottom_divider_type=&#8221;custom&#8221; bottom_divider_custom=&#8221;JTNDc3ZnJTIweG1sbnMlM0QlMjJodHRwJTNBJTJGJTJGd3d3LnczLm9yZyUyRjIwMDAlMkZzdmclMjIlMjB2aWV3Qm94JTNEJTIyMCUyMDAlMjAxMjAwJTIwMTk0LjMlMjIlMjBwcmVzZXJ2ZUFzcGVjdFJhdGlvJTNEJTIybm9uZSUyMiUzRSUzQ3BhdGglMjBkJTNEJTIyTTEyMDAlMjAxMzMuM2wtNTAlMjA4LjljLTUwJTIwOC42LTE1MCUyMDI2LjktMjUwJTIwMzEuMS0xMDAlMjA0LjItMjAwLTQuMi0zMDAtMjYuN1M0MDAlMjA4OS4yJTIwMzAwJTIwNjIuMkMyMDAlMjAzNS44JTIwMTAwJTIwMTcuNSUyMDUwJTIwOC45TDAlMjAwdjE5NC4zaDEyMDB2LTYxeiUyMiUzRSUzQyUyRnBhdGglM0UlM0MlMkZzdmclM0U=&#8221; bottom_divider_flip=&#8221;true&#8221; conditional_render=&#8221;%5B%7B%22value_role%22%3A%22administrator%22%7D%5D&#8221; css=&#8221;.vc_custom_1696589459434{padding-top: 50px !important;padding-bottom: 50px !important;}&#8221; bottom_divider_color=&#8221;#c1e079&#8243; bottom_divider_height=&#8221;50px&#8221;][vc_row full_width=&#8221;stretch_row&#8221; css=&#8221;.vc_custom_1696852497796{background-position: center !important;background-repeat: no-repeat !important;background-size: cover !important;}&#8221; conditional_render=&#8221;%5B%7B%22value_role%22%3A%22administrator%22%7D%5D&#8221;][vc_column width=&#8221;1\/2&#8243;][vc_single_image image=&#8221;529&#8243; img_size=&#8221;full&#8221; animation_delay=&#8221;200&#8243; el_class=&#8221;mlh_imgservicio max-w-90 mb-0 pc-img&#8221; animation_type=&#8221;zoomIn&#8221;][\/vc_column][vc_column width=&#8221;1\/2&#8243; el_class=&#8221;MLH_centrado&#8221; conditional_render=&#8221;%5B%7B%22value_role%22%3A%22administrator%22%7D%5D&#8221;][vc_custom_heading text=&#8221;Mecsa Rehabilita <strong>a la vostra disposici\u00f3<\/strong>&#8221; font_container=&#8221;tag:h2|font_size:40px|text_align:left|line_height:1.2em&#8221; use_theme_fonts=&#8221;yes&#8221; font_weight=&#8221;700&#8243; letter_spacing=&#8221;-0.5px&#8221; css=&#8221;.vc_custom_1696852264283{margin-bottom: 0px !important;}&#8221;][vc_custom_heading text=&#8221;Les obres de rehabilitaci\u00f3 permetran allargar la vida \u00fatil de l&apos;edifici i millorar-ne l&apos;est\u00e8tica.&#8221; font_container=&#8221;tag:h3|font_size:26px|text_align:left|line_height:1.2em&#8221; use_theme_fonts=&#8221;yes&#8221; font_weight=&#8221;600&#8243; letter_spacing=&#8221;-0.5px&#8221; css=&#8221;.vc_custom_1696852340841{margin-bottom: 25px !important;}&#8221;][vc_column_text css=&#8221;.vc_custom_1696852280804{margin-bottom: 15px !important;}&#8221;]MECSA REHABILITA posa a la vostra disposici\u00f3 t\u00e8cnics especialitzats en la redacci\u00f3 d&#8217;aquest tipus d&#8217;informes ITE. Un cop detectades i analitzades totes les defici\u00e8ncies que presenta l&#8217;edifici, els nostres t\u00e8cnics podran redactar un PROJECTE T\u00c8CNIC on es definiran les INTERVENCIONS CORRECTORES necess\u00e0ries per a l&#8217;\u00f2ptima REHABILITACI\u00d3 de l&#8217;edifici.[\/vc_column_text][vc_btn title=&#8221;DEMANAR PRESSUPOST&#8221; align=&#8221;left&#8221; link=&#8221;url:https%3A%2F%2Fmecsarehabilita.com%2F%23contacto|&#8221; el_class=&#8221;mlh_btn mlh_btngrey&#8221;][\/vc_column][\/vc_row][\/vc_section][vc_section full_width=&#8221;stretch_row&#8221; top_divider_type=&#8221;custom&#8221; top_divider_custom=&#8221;JTNDc3ZnJTIweG1sbnMlM0QlMjJodHRwJTNBJTJGJTJGd3d3LnczLm9yZyUyRjIwMDAlMkZzdmclMjIlMjB2aWV3Qm94JTNEJTIyMCUyMDAlMjAxMjAwJTIwMTk0LjMlMjIlMjBwcmVzZXJ2ZUFzcGVjdFJhdGlvJTNEJTIybm9uZSUyMiUzRSUzQ3BhdGglMjBkJTNEJTIyTTEyMDAlMjAxMzMuM2wtNTAlMjA4LjljLTUwJTIwOC42LTE1MCUyMDI2LjktMjUwJTIwMzEuMS0xMDAlMjA0LjItMjAwLTQuMi0zMDAtMjYuN1M0MDAlMjA4OS4yJTIwMzAwJTIwNjIuMkMyMDAlMjAzNS44JTIwMTAwJTIwMTcuNSUyMDUwJTIwOC45TDAlMjAwdjE5NC4zaDEyMDB2LTYxeiUyMiUzRSUzQyUyRnBhdGglM0UlM0MlMkZzdmclM0U=&#8221; bottom_divider_type=&#8221;custom&#8221; bottom_divider_custom=&#8221;JTNDc3ZnJTIweG1sbnMlM0QlMjJodHRwJTNBJTJGJTJGd3d3LnczLm9yZyUyRjIwMDAlMkZzdmclMjIlMjB2aWV3Qm94JTNEJTIyMCUyMDAlMjAxMjAwJTIwMTk0LjMlMjIlMjBwcmVzZXJ2ZUFzcGVjdFJhdGlvJTNEJTIybm9uZSUyMiUzRSUzQ3BhdGglMjBkJTNEJTIyTTEyMDAlMjAxMzMuM2wtNTAlMjA4LjljLTUwJTIwOC42LTE1MCUyMDI2LjktMjUwJTIwMzEuMS0xMDAlMjA0LjItMjAwLTQuMi0zMDAtMjYuN1M0MDAlMjA4OS4yJTIwMzAwJTIwNjIuMkMyMDAlMjAzNS44JTIwMTAwJTIwMTcuNSUyMDUwJTIwOC45TDAlMjAwdjE5NC4zaDEyMDB2LTYxeiUyMiUzRSUzQyUyRnBhdGglM0UlM0MlMkZzdmclM0U=&#8221; top_divider_invert=&#8221;true&#8221; css=&#8221;.vc_custom_1696853166243{padding-top: 80px !important;padding-bottom: 50px !important;background-position: center !important;background-repeat: no-repeat !important;background-size: cover !important;}&#8221; conditional_render=&#8221;%5B%7B%22value_role%22%3A%22administrator%22%7D%5D&#8221; top_divider_color=&#8221;#c1e079&#8243; top_divider_height=&#8221;50px&#8221; bottom_divider_height=&#8221;50px&#8221; bottom_divider_color=&#8221;#716f6f&#8221;][vc_row full_width=&#8221;stretch_row&#8221; conditional_render=&#8221;%5B%7B%22value_role%22%3A%22administrator%22%7D%5D&#8221;][vc_column][vc_custom_heading text=&#8221;Reformes i <strong>Rehabilitacions<\/strong>&#8221; font_container=&#8221;tag:h2|font_size:40px|text_align:center|line_height:1.2em&#8221; use_theme_fonts=&#8221;yes&#8221; font_weight=&#8221;700&#8243; letter_spacing=&#8221;-0.5px&#8221; css=&#8221;.vc_custom_1696492407077{margin-bottom: 25px !important;}&#8221;][vc_row_inner el_class=&#8221;mlh_colservicios&#8221;][vc_column_inner el_class=&#8221;mlh_cajaservicios&#8221; width=&#8221;1\/4&#8243; animation_delay=&#8221;100&#8243; animation_type=&#8221;fadeInUp&#8221; css=&#8221;.vc_custom_1695915999450{padding-top: 0px !important;padding-right: 5px !important;padding-bottom: 0px !important;padding-left: 5px !important;}&#8221;]<a aria-label=\"Fa\u00e7anes\" class=\"porto-sicon-box-link\" href=\"https:\/\/mecsarehabilita.com\/fachadas\/\" title='Fachadas'><div class=\"porto-sicon-box  vc_custom_1696851315564 MLH_servicio  wpb_custom_d7da0b1b7ade5ab058f37e2ca1fc45a8 style_2 top-icon\" data-appear-animation=\"fadeInUp\" data-appear-animation-delay=\"100\"><div class=\"porto-sicon-top\"><div class=\"porto-just-icon-wrapper porto-sicon-img  porto-icon-9f5d1cfb45d27d96b50bf473aebba227\" style=\"font-size: 100px;\"><img loading=\"lazy\" decoding=\"async\" class=\"img-icon\" alt=\"\" src=\"https:\/\/mecsarehabilita.com\/wp-content\/uploads\/2023\/09\/Fachadas.png\" width=\"512\" height=\"512\" \/><\/div><\/div><div class=\"porto-sicon-header\" style=\"margin-bottom:0px;\"><h3 class=\"porto-sicon-title\" style=\"margin-bottom:0px;\">Fa\u00e7anes<\/h3><p style=\"color:#ffffff;\">Fa\u00e7anes<\/p><\/div> <!-- header --><div class=\"porto-sicon-description\" style=\"color:#333333;\">\n<p>MECSA REHABILITA posa a la vostra disposici\u00f3 t\u00e8cnics especialitzats en l&#8217;estudi de patologies.<\/p>\n<p><strong>\u2014 Saber m\u00e9s<\/strong><\/div> <!-- description --><\/div><!-- porto-sicon-box --><\/a>[\/vc_column_inner][vc_column_inner el_class=&#8221;mlh_cajaservicios&#8221; width=&#8221;1\/4&#8243; animation_delay=&#8221;300&#8243; animation_type=&#8221;fadeInUp&#8221; css=&#8221;.vc_custom_1695916008321{padding-top: 0px !important;padding-right: 5px !important;padding-bottom: 0px !important;padding-left: 5px !important;}&#8221;]<a aria-label=\"Cobertes\" class=\"porto-sicon-box-link\" href=\"https:\/\/mecsarehabilita.com\/cubiertas\/\" title='Cubiertas'><div class=\"porto-sicon-box  vc_custom_1696851324780 MLH_servicio  wpb_custom_d7da0b1b7ade5ab058f37e2ca1fc45a8 style_2 top-icon\" data-appear-animation=\"fadeInUp\" data-appear-animation-delay=\"100\"><div class=\"porto-sicon-top\"><div class=\"porto-just-icon-wrapper porto-sicon-img  porto-icon-9f5d1cfb45d27d96b50bf473aebba227\" style=\"font-size: 100px;\"><img loading=\"lazy\" decoding=\"async\" class=\"img-icon\" alt=\"\" src=\"https:\/\/mecsarehabilita.com\/wp-content\/uploads\/2023\/09\/Cubiertas.png\" width=\"512\" height=\"512\" \/><\/div><\/div><div class=\"porto-sicon-header\" style=\"margin-bottom:0px;\"><h3 class=\"porto-sicon-title\" style=\"margin-bottom:0px;\">Cobertes<\/h3><p style=\"color:#ffffff;\">Cobertes<\/p><\/div> <!-- header --><div class=\"porto-sicon-description\" style=\"color:#333333;\">\n<p>El nostre objectiu \u00e9s oferir una soluci\u00f3 duradora amb les t\u00e8cniques i els materials m\u00e9s apropiats.<\/p>\n<p><strong>\u2014 Saber m\u00e9s<\/strong><\/div> <!-- description --><\/div><!-- porto-sicon-box --><\/a>[\/vc_column_inner][vc_column_inner el_class=&#8221;mlh_cajaservicios&#8221; width=&#8221;1\/4&#8243; animation_delay=&#8221;600&#8243; css=&#8221;.vc_custom_1695916018969{padding-top: 0px !important;padding-right: 5px !important;padding-bottom: 0px !important;padding-left: 5px !important;}&#8221; animation_type=&#8221;fadeInUp&#8221;]<a aria-label=\"Reformes interiors\" class=\"porto-sicon-box-link\" href=\"https:\/\/mecsarehabilita.com\/reformas-interiores\/\" title='Reformas Interiores'><div class=\"porto-sicon-box  vc_custom_1696851332688 MLH_servicio  wpb_custom_d7da0b1b7ade5ab058f37e2ca1fc45a8 style_2 top-icon\" data-appear-animation=\"fadeInUp\" data-appear-animation-delay=\"100\"><div class=\"porto-sicon-top\"><div class=\"porto-just-icon-wrapper porto-sicon-img  porto-icon-9f5d1cfb45d27d96b50bf473aebba227\" style=\"font-size: 100px;\"><img loading=\"lazy\" decoding=\"async\" class=\"img-icon\" alt=\"mecsarehabilita.com\" src=\"https:\/\/mecsarehabilita.com\/wp-content\/uploads\/2023\/09\/Reformas-interiores.png\" width=\"512\" height=\"512\" \/><\/div><\/div><div class=\"porto-sicon-header\" style=\"margin-bottom:0px;\"><h3 class=\"porto-sicon-title\" style=\"margin-bottom:0px;\">Reformes interiors<\/h3><p style=\"color:#ffffff;\">Reformes interiors<\/p><\/div> <!-- header --><div class=\"porto-sicon-description\" style=\"color:#333333;\">\n<p>Permeteu que el nostre equip d&#8217;arquitectura i interiorisme interpreti les vostres necessitats.<\/p>\n<p><strong>\u2014 Saber m\u00e9s<\/strong><\/div> <!-- description --><\/div><!-- porto-sicon-box --><\/a>[\/vc_column_inner][vc_column_inner el_class=&#8221;mlh_cajaservicios&#8221; width=&#8221;1\/4&#8243; animation_delay=&#8221;900&#8243; css=&#8221;.vc_custom_1695916027082{padding-top: 0px !important;padding-right: 5px !important;padding-bottom: 0px !important;padding-left: 5px !important;}&#8221; animation_type=&#8221;fadeInUp&#8221;]<a aria-label=\"Treballs d&#039;al\u00e7ada\" class=\"porto-sicon-box-link\" href=\"https:\/\/mecsarehabilita.com\/trabajos-en-altura\/\" title='Trabajos en Altura'><div class=\"porto-sicon-box  vc_custom_1696851341696 MLH_servicio  wpb_custom_d7da0b1b7ade5ab058f37e2ca1fc45a8 style_2 top-icon\" data-appear-animation=\"fadeInUp\" data-appear-animation-delay=\"100\"><div class=\"porto-sicon-top\"><div class=\"porto-just-icon-wrapper porto-sicon-img  porto-icon-9f5d1cfb45d27d96b50bf473aebba227\" style=\"font-size: 100px;\"><img loading=\"lazy\" decoding=\"async\" class=\"img-icon\" alt=\"\" src=\"https:\/\/mecsarehabilita.com\/wp-content\/uploads\/2023\/09\/Trabajos-de-altura.png\" width=\"512\" height=\"512\" \/><\/div><\/div><div class=\"porto-sicon-header\" style=\"margin-bottom:0px;\"><h3 class=\"porto-sicon-title\" style=\"margin-bottom:0px;\">Treballs d&#039;al\u00e7ada<\/h3><p style=\"color:#ffffff;\">Treballs d&#039;al\u00e7ada<\/p><\/div> <!-- header --><div class=\"porto-sicon-description\" style=\"color:#333333;\">\n<p>MECSA REHABILITA ofereix una soluci\u00f3 \u00f2ptima i disposa d&#8217;equips t\u00e8cnics i professionals.<\/p>\n<p><strong>\u2014 Saber m\u00e9s<\/strong><\/div> <!-- description --><\/div><!-- porto-sicon-box --><\/a>[\/vc_column_inner][vc_column_inner el_class=&#8221;mlh_cajaservicios&#8221; width=&#8221;1\/4&#8243; animation_delay=&#8221;200&#8243; css=&#8221;.vc_custom_1695916054169{padding-top: 0px !important;padding-right: 5px !important;padding-bottom: 0px !important;padding-left: 5px !important;}&#8221; animation_type=&#8221;fadeInUp&#8221;]<a aria-label=\"Retirada amiant\" class=\"porto-sicon-box-link\" href=\"https:\/\/mecsarehabilita.com\/retirada-de-amianto\/\" title='Retirada de Amianto'><div class=\"porto-sicon-box  vc_custom_1696851374853 MLH_servicio  wpb_custom_d7da0b1b7ade5ab058f37e2ca1fc45a8 style_2 top-icon\" data-appear-animation=\"fadeInUp\" data-appear-animation-delay=\"100\"><div class=\"porto-sicon-top\"><div class=\"porto-just-icon-wrapper porto-sicon-img  porto-icon-9f5d1cfb45d27d96b50bf473aebba227\" style=\"font-size: 100px;\"><img loading=\"lazy\" decoding=\"async\" class=\"img-icon\" alt=\"\" src=\"https:\/\/mecsarehabilita.com\/wp-content\/uploads\/2023\/09\/Retirada-Amianto.png\" width=\"512\" height=\"512\" \/><\/div><\/div><div class=\"porto-sicon-header\" style=\"margin-bottom:0px;\"><h3 class=\"porto-sicon-title\" style=\"margin-bottom:0px;\">Retirada amiant<\/h3><p style=\"color:#ffffff;\">Retirada amiant<\/p><\/div> <!-- header --><div class=\"porto-sicon-description\" style=\"color:#333333;\">\n<p>Disposem de personal format i acreditat per fer aquests treballs amb total seguretat.<\/p>\n<p><strong>\u2014 Saber m\u00e9s<\/strong><\/div> <!-- description --><\/div><!-- porto-sicon-box --><\/a>[\/vc_column_inner][vc_column_inner el_class=&#8221;mlh_cajaservicios&#8221; width=&#8221;1\/4&#8243; animation_delay=&#8221;400&#8243; css=&#8221;.vc_custom_1695916046864{padding-top: 0px !important;padding-right: 5px !important;padding-bottom: 0px !important;padding-left: 5px !important;}&#8221; animation_type=&#8221;fadeInUp&#8221;]<a aria-label=\"Refor\u00e7 estructures\" class=\"porto-sicon-box-link\" href=\"https:\/\/mecsarehabilita.com\/refuerzo-estructuras\/\" title='Refuerzo Estructuras'><div class=\"porto-sicon-box  vc_custom_1696851366838 MLH_servicio  wpb_custom_d7da0b1b7ade5ab058f37e2ca1fc45a8 style_2 top-icon\" data-appear-animation=\"fadeInUp\" data-appear-animation-delay=\"100\"><div class=\"porto-sicon-top\"><div class=\"porto-just-icon-wrapper porto-sicon-img  porto-icon-9f5d1cfb45d27d96b50bf473aebba227\" style=\"font-size: 100px;\"><img loading=\"lazy\" decoding=\"async\" class=\"img-icon\" alt=\"\" src=\"https:\/\/mecsarehabilita.com\/wp-content\/uploads\/2023\/09\/Refuerzo-Estructuras.png\" width=\"512\" height=\"512\" \/><\/div><\/div><div class=\"porto-sicon-header\" style=\"margin-bottom:0px;\"><h3 class=\"porto-sicon-title\" style=\"margin-bottom:0px;\">Refor\u00e7 estructures<\/h3><p style=\"color:#ffffff;\">Refor\u00e7 estructures<\/p><\/div> <!-- header --><div class=\"porto-sicon-description\" style=\"color:#333333;\">\n<p>Disposem d&#8217;especialistes en el c\u00e0lcul d&#8217;estructures imprescindible per al disseny correcte.<\/p>\n<p><strong>\u2014 Saber m\u00e9s<\/strong><\/div> <!-- description --><\/div><!-- porto-sicon-box --><\/a>[\/vc_column_inner][vc_column_inner el_class=&#8221;mlh_cajaservicios&#8221; width=&#8221;1\/4&#8243; animation_delay=&#8221;700&#8243; css=&#8221;.vc_custom_1695916041049{padding-top: 0px !important;padding-right: 5px !important;padding-bottom: 0px !important;padding-left: 5px !important;}&#8221; animation_type=&#8221;fadeInUp&#8221;]<a aria-label=\"Ascensors i rampes\" class=\"porto-sicon-box-link\" href=\"https:\/\/mecsarehabilita.com\/ascensores-y-rampas\/\" title='Ascensores y Rampas'><div class=\"porto-sicon-box  vc_custom_1696851357964 MLH_servicio  wpb_custom_d7da0b1b7ade5ab058f37e2ca1fc45a8 style_2 top-icon\" data-appear-animation=\"fadeInUp\" data-appear-animation-delay=\"100\"><div class=\"porto-sicon-top\"><div class=\"porto-just-icon-wrapper porto-sicon-img  porto-icon-9f5d1cfb45d27d96b50bf473aebba227\" style=\"font-size: 100px;\"><img loading=\"lazy\" decoding=\"async\" class=\"img-icon\" alt=\"\" src=\"https:\/\/mecsarehabilita.com\/wp-content\/uploads\/2023\/09\/Ascensores-y-Rampas.png\" width=\"512\" height=\"512\" \/><\/div><\/div><div class=\"porto-sicon-header\" style=\"margin-bottom:0px;\"><h3 class=\"porto-sicon-title\" style=\"margin-bottom:0px;\">Ascensors i rampes<\/h3><p style=\"color:#ffffff;\">Ascensors i rampes<\/p><\/div> <!-- header --><div class=\"porto-sicon-description\" style=\"color:#333333;\">\n<p>Amb MECSA REHABILITA podeu aconseguir fins a un 50% d&#8217;estalvi del cost total de les obres.<\/p>\n<p><strong>\u2014 Saber m\u00e9s<\/strong><\/div> <!-- description --><\/div><!-- porto-sicon-box --><\/a>[\/vc_column_inner][vc_column_inner el_class=&#8221;mlh_cajaservicios&#8221; width=&#8221;1\/4&#8243; animation_delay=&#8221;1000&#8243; css=&#8221;.vc_custom_1695916035400{padding-top: 0px !important;padding-right: 5px !important;padding-bottom: 0px !important;padding-left: 5px !important;}&#8221; animation_type=&#8221;fadeInUp&#8221;]<a aria-label=\"Direcci\u00f3 d&#039;obres\" class=\"porto-sicon-box-link\" href=\"https:\/\/mecsarehabilita.com\/proyectos-y-direccion-de-obras\/\" title='Proyectos y Direcci\u00f3n de obras'><div class=\"porto-sicon-box  vc_custom_1696851349540 MLH_servicio  wpb_custom_d7da0b1b7ade5ab058f37e2ca1fc45a8 style_2 top-icon\" data-appear-animation=\"fadeInUp\" data-appear-animation-delay=\"100\"><div class=\"porto-sicon-top\"><div class=\"porto-just-icon-wrapper porto-sicon-img  porto-icon-9f5d1cfb45d27d96b50bf473aebba227\" style=\"font-size: 100px;\"><img loading=\"lazy\" decoding=\"async\" class=\"img-icon\" alt=\"mecsarehabilita.com\" src=\"https:\/\/mecsarehabilita.com\/wp-content\/uploads\/2023\/09\/Proyectos-y-direccion-de-obras.png\" width=\"512\" height=\"512\" \/><\/div><\/div><div class=\"porto-sicon-header\" style=\"margin-bottom:0px;\"><h3 class=\"porto-sicon-title\" style=\"margin-bottom:0px;\">Direcci\u00f3 d&#039;obres<\/h3><p style=\"color:#ffffff;\">Direcci\u00f3 d&#039;obres<\/p><\/div> <!-- header --><div class=\"porto-sicon-description\" style=\"color:#333333;\">\n<p>Creiem que l\u00b4\u00e8xit dels nostres projectes es basa en la realitzaci\u00f3 d\u00b4un bon estudi i assessorament.<\/p>\n<p><strong>\u2014 Saber m\u00e9s<\/strong><\/div> <!-- description --><\/div><!-- porto-sicon-box --><\/a>[\/vc_column_inner][\/vc_row_inner][\/vc_column][\/vc_row][\/vc_section][vc_section full_width=&#8221;stretch_row&#8221; top_divider_type=&#8221;custom&#8221; top_divider_custom=&#8221;JTNDc3ZnJTIweG1sbnMlM0QlMjJodHRwJTNBJTJGJTJGd3d3LnczLm9yZyUyRjIwMDAlMkZzdmclMjIlMjB2aWV3Qm94JTNEJTIyMCUyMDAlMjAxMjAwJTIwMTk0LjMlMjIlMjBwcmVzZXJ2ZUFzcGVjdFJhdGlvJTNEJTIybm9uZSUyMiUzRSUzQ3BhdGglMjBkJTNEJTIyTTEyMDAlMjAxMzMuM2wtNTAlMjA4LjljLTUwJTIwOC42LTE1MCUyMDI2LjktMjUwJTIwMzEuMS0xMDAlMjA0LjItMjAwLTQuMi0zMDAtMjYuN1M0MDAlMjA4OS4yJTIwMzAwJTIwNjIuMkMyMDAlMjAzNS44JTIwMTAwJTIwMTcuNSUyMDUwJTIwOC45TDAlMjAwdjE5NC4zaDEyMDB2LTYxeiUyMiUzRSUzQyUyRnBhdGglM0UlM0MlMkZzdmclM0U=&#8221; top_divider_flip=&#8221;true&#8221; top_divider_invert=&#8221;true&#8221; conditional_render=&#8221;%5B%7B%22value_role%22%3A%22administrator%22%7D%5D&#8221; css=&#8221;.vc_custom_1696853200221{padding-top: 50px !important;padding-bottom: 50px !important;background-color: #f1f1f1 !important;}&#8221; top_divider_color=&#8221;#716f6f&#8221; top_divider_height=&#8221;50px&#8221;][vc_row conditional_render=&#8221;%5B%7B%22value_role%22%3A%22administrator%22%7D%5D&#8221;][vc_column width=&#8221;2\/3&#8243; el_class=&#8221;MLH_centrado&#8221; conditional_render=&#8221;%5B%7B%22value_role%22%3A%22administrator%22%7D%5D&#8221;][vc_column_text css=&#8221;.vc_custom_1696852748498{margin-bottom: 15px !important;}&#8221;]<\/p>\n<p class=\"mb-sm justify\">Les obres de rehabilitaci\u00f3 permetran no nom\u00e9s reparar les patologies que allargaran la vida \u00fatil de l&#8217;edifici i milloraran la seva est\u00e8tica, sin\u00f3 que tamb\u00e9 evitaran el risc de caiguda de materials a la via p\u00fablica, amb la possible causa de danys materials i personals a tercers i\/o usuaris de l&#8217;edifici<\/p>\n<p class=\"mb-sm justify\">Estudiar i entendre la composici\u00f3 constructiva de cada fa\u00e7ana ens permet realitzar un projecte amb els requeriments \u00f2ptims per a la seva rehabilitaci\u00f3 preservant-ne l&#8217;estil arquitect\u00f2nic o b\u00e9 renovant-lo, sempre respectant les normatives de diferent \u00e0mbit aplicables en cada cas.<\/p>\n<p>[\/vc_column_text][\/vc_column][vc_column width=&#8221;1\/3&#8243;][vc_single_image image=&#8221;529&#8243; img_size=&#8221;full&#8221; animation_delay=&#8221;200&#8243; el_class=&#8221;mlh_imgservicio max-w-90 mb-0 pc-img&#8221; animation_type=&#8221;zoomIn&#8221;][vc_single_image image=&#8221;286&#8243; img_size=&#8221;full&#8221; animation_delay=&#8221;300&#8243; el_class=&#8221;mlh_imgservicio pc-img-about pc-img&#8221; animation_type=&#8221;zoomIn&#8221;][\/vc_column][\/vc_row][vc_row conditional_render=&#8221;%5B%7B%22value_role%22%3A%22administrator%22%7D%5D&#8221;][vc_column][vc_empty_space height=&#8221;40px&#8221;][vc_column_text css=&#8221;.vc_custom_1696852753939{margin-bottom: 15px !important;}&#8221;]Gaudir dels avantatges i beneficis que suposen la rehabilitaci\u00f3 de la fa\u00e7ana us faran oblidar r\u00e0pidament les mol\u00e8sties i els costos originats, ja que contribueix a:[\/vc_column_text][vc_row_inner][vc_column_inner width=&#8221;1\/2&#8243;]<div class=\"porto-sicon-box  vc_custom_1696852563374  wpb_custom_8172011e202591c80ef744c351506b49 style_1 default-icon\"><div class=\"porto-sicon-default\"><div class=\"porto-just-icon-wrapper porto-icon none\" style=\"color:#c1e079;font-size:16px;\"><i class=\"fas fa-stop\"><\/i><\/div><\/div><div class=\"porto-sicon-header\"><p class=\"porto-sicon-title\" style=\"\">Allargar la vida de l&#039;edifici i garantir-ne la seguretat.<\/p><\/div> <!-- header --><\/div><!-- porto-sicon-box --><div class=\"porto-sicon-box  vc_custom_1696852580386  wpb_custom_8172011e202591c80ef744c351506b49 style_1 default-icon\"><div class=\"porto-sicon-default\"><div class=\"porto-just-icon-wrapper porto-icon none\" style=\"color:#c1e079;font-size:16px;\"><i class=\"fas fa-stop\"><\/i><\/div><\/div><div class=\"porto-sicon-header\"><p class=\"porto-sicon-title\" style=\"\">Millorar-ne el confort i el benestar i reduir el consum energ\u00e8tic dels habitatges.<\/p><\/div> <!-- header --><\/div><!-- porto-sicon-box -->[\/vc_column_inner][vc_column_inner width=&#8221;1\/2&#8243;]<div class=\"porto-sicon-box  vc_custom_1696852568658  wpb_custom_8172011e202591c80ef744c351506b49 style_1 default-icon\"><div class=\"porto-sicon-default\"><div class=\"porto-just-icon-wrapper porto-icon none\" style=\"color:#c1e079;font-size:16px;\"><i class=\"fas fa-stop\"><\/i><\/div><\/div><div class=\"porto-sicon-header\"><p class=\"porto-sicon-title\" style=\"\">Impedir que els deterioraments reparats empitjorin i causin rehabilitacions m\u00e9s costoses.<\/p><\/div> <!-- header --><\/div><!-- porto-sicon-box --><div class=\"porto-sicon-box  vc_custom_1696852573892  wpb_custom_8172011e202591c80ef744c351506b49 style_1 default-icon\"><div class=\"porto-sicon-default\"><div class=\"porto-just-icon-wrapper porto-icon none\" style=\"color:#c1e079;font-size:16px;\"><i class=\"fas fa-stop\"><\/i><\/div><\/div><div class=\"porto-sicon-header\"><p class=\"porto-sicon-title\" style=\"\">Incrementar el valor patrimonial de l&#039;edifici i aix\u00ed les possibles expectatives de venda o lloguer.<\/p><\/div> <!-- header --><\/div><!-- porto-sicon-box -->[\/vc_column_inner][\/vc_row_inner][\/vc_column][\/vc_row][\/vc_section]<\/p>\n<\/div>","protected":false},"excerpt":{"rendered":"<p>[vc_section full_width=&#8221;stretch_row&#8221; bottom_divider_type=&#8221;custom&#8221; bottom_divider_custom=&#8221;JTNDc3ZnJTIweG1sbnMlM0QlMjJodHRwJTNBJTJGJTJGd3d3LnczLm9yZyUyRjIwMDAlMkZzdmclMjIlMjB2aWV3Qm94JTNEJTIyMCUyMDAlMjAxMjAwJTIwMTk0LjMlMjIlMjBwcmVzZXJ2ZUFzcGVjdFJhdGlvJTNEJTIybm9uZSUyMiUzRSUzQ3BhdGglMjBkJTNEJTIyTTEyMDAlMjAxMzMuM2wtNTAlMjA4LjljLTUwJTIwOC42LTE1MCUyMDI2LjktMjUwJTIwMzEuMS0xMDAlMjA0LjItMjAwLTQuMi0zMDAtMjYuN1M0MDAlMjA4OS4yJTIwMzAwJTIwNjIuMkMyMDAlMjAzNS44JTIwMTAwJTIwMTcuNSUyMDUwJTIwOC45TDAlMjAwdjE5NC4zaDEyMDB2LTYxeiUyMiUzRSUzQyUyRnBhdGglM0UlM0MlMkZzdmclM0U=&#8221; bottom_divider_flip=&#8221;true&#8221; conditional_render=&#8221;%5B%7B%22value_role%22%3A%22administrator%22%7D%5D&#8221; css=&#8221;.vc_custom_1696589459434{padding-top: 50px !important;padding-bottom: 50px !important;}&#8221; bottom_divider_color=&#8221;#c1e079&#8243; bottom_divider_height=&#8221;50px&#8221;][vc_row full_width=&#8221;stretch_row&#8221; css=&#8221;.vc_custom_1696852497796{background-position: center !important;background-repeat: no-repeat !important;background-size: cover !important;}&#8221; conditional_render=&#8221;%5B%7B%22value_role%22%3A%22administrator%22%7D%5D&#8221;][vc_column width=&#8221;1\/2&#8243;][vc_single_image image=&#8221;529&#8243; img_size=&#8221;full&#8221; animation_delay=&#8221;200&#8243; el_class=&#8221;mlh_imgservicio max-w-90 mb-0 pc-img&#8221; animation_type=&#8221;zoomIn&#8221;][\/vc_column][vc_column width=&#8221;1\/2&#8243; el_class=&#8221;MLH_centrado&#8221; conditional_render=&#8221;%5B%7B%22value_role%22%3A%22administrator%22%7D%5D&#8221;][vc_custom_heading text=&#8221;Mecsa Rehabilita a la vostra disposici\u00f3&#8221; font_container=&#8221;tag:h2|font_size:40px|text_align:left|line_height:1.2em&#8221; use_theme_fonts=&#8221;yes&#8221; font_weight=&#8221;700&#8243; letter_spacing=&#8221;-0.5px&#8221; css=&#8221;.vc_custom_1696852264283{margin-bottom: 0px !important;}&#8221;][vc_custom_heading text=&#8221;Les obres de rehabilitaci\u00f3 permetran allargar la vida [&hellip;]<\/p>\n","protected":false},"author":1,"featured_media":0,"parent":0,"menu_order":0,"comment_status":"closed","ping_status":"closed","template":"","meta":{"_seopress_robots_primary_cat":"","_seopress_titles_title":"","_seopress_titles_desc":"Mecsa Rehabilita: empresa especialitzada en reformes i rehabilitacions dedificis.","_seopress_robots_index":"","footnotes":""},"class_list":["post-1138","page","type-page","status-publish","hentry"],"_links":{"self":[{"href":"https:\/\/mecsarehabilita.com\/ca\/wp-json\/wp\/v2\/pages\/1138","targetHints":{"allow":["GET"]}}],"collection":[{"href":"https:\/\/mecsarehabilita.com\/ca\/wp-json\/wp\/v2\/pages"}],"about":[{"href":"https:\/\/mecsarehabilita.com\/ca\/wp-json\/wp\/v2\/types\/page"}],"author":[{"embeddable":true,"href":"https:\/\/mecsarehabilita.com\/ca\/wp-json\/wp\/v2\/users\/1"}],"replies":[{"embeddable":true,"href":"https:\/\/mecsarehabilita.com\/ca\/wp-json\/wp\/v2\/comments?post=1138"}],"version-history":[{"count":2,"href":"https:\/\/mecsarehabilita.com\/ca\/wp-json\/wp\/v2\/pages\/1138\/revisions"}],"predecessor-version":[{"id":1250,"href":"https:\/\/mecsarehabilita.com\/ca\/wp-json\/wp\/v2\/pages\/1138\/revisions\/1250"}],"wp:attachment":[{"href":"https:\/\/mecsarehabilita.com\/ca\/wp-json\/wp\/v2\/media?parent=1138"}],"curies":[{"name":"wp","href":"https:\/\/api.w.org\/{rel}","templated":true}]}}