{"id":1135,"date":"2023-10-04T14:10:20","date_gmt":"2023-10-04T13:10:20","guid":{"rendered":"https:\/\/staging.microlabhard.com\/mecsarehabilita\/ascensors-i-rampes\/"},"modified":"2023-10-17T15:42:02","modified_gmt":"2023-10-17T14:42:02","slug":"ascensors-i-rampes","status":"publish","type":"page","link":"https:\/\/mecsarehabilita.com\/ca\/ascensors-i-rampes\/","title":{"rendered":"Ascensors i Rampes"},"content":{"rendered":"<div class=\"wpb-content-wrapper\"><p>[vc_section full_width=&#8221;stretch_row&#8221; bottom_divider_type=&#8221;custom&#8221; bottom_divider_custom=&#8221;JTNDc3ZnJTIweG1sbnMlM0QlMjJodHRwJTNBJTJGJTJGd3d3LnczLm9yZyUyRjIwMDAlMkZzdmclMjIlMjB2aWV3Qm94JTNEJTIyMCUyMDAlMjAxMjAwJTIwMTk0LjMlMjIlMjBwcmVzZXJ2ZUFzcGVjdFJhdGlvJTNEJTIybm9uZSUyMiUzRSUzQ3BhdGglMjBkJTNEJTIyTTEyMDAlMjAxMzMuM2wtNTAlMjA4LjljLTUwJTIwOC42LTE1MCUyMDI2LjktMjUwJTIwMzEuMS0xMDAlMjA0LjItMjAwLTQuMi0zMDAtMjYuN1M0MDAlMjA4OS4yJTIwMzAwJTIwNjIuMkMyMDAlMjAzNS44JTIwMTAwJTIwMTcuNSUyMDUwJTIwOC45TDAlMjAwdjE5NC4zaDEyMDB2LTYxeiUyMiUzRSUzQyUyRnBhdGglM0UlM0MlMkZzdmclM0U=&#8221; conditional_render=&#8221;%5B%7B%22value_role%22%3A%22administrator%22%7D%5D&#8221; css=&#8221;.vc_custom_1696590393762{padding-top: 50px !important;padding-bottom: 50px !important;background-position: center !important;background-repeat: no-repeat !important;background-size: cover !important;}&#8221; bottom_divider_height=&#8221;50px&#8221; bottom_divider_color=&#8221;#c1e079&#8243;][vc_row][vc_column width=&#8221;1\/2&#8243; el_class=&#8221;MLH_centrado&#8221; conditional_render=&#8221;%5B%7B%22value_role%22%3A%22administrator%22%7D%5D&#8221;][vc_single_image image=&#8221;391&#8243; img_size=&#8221;full&#8221; animation_delay=&#8221;200&#8243; el_class=&#8221;mlh_imgservicio max-w-90 mb-0 pc-img&#8221; animation_type=&#8221;zoomIn&#8221;][\/vc_column][vc_column width=&#8221;1\/2&#8243; el_class=&#8221;MLH_centrado&#8221; conditional_render=&#8221;%5B%7B%22value_role%22%3A%22administrator%22%7D%5D&#8221;][vc_custom_heading text=&#8221;Supressi\u00f3 de <strong>barreres arquitect\u00f2niques<\/strong>&#8221; font_container=&#8221;tag:h2|font_size:33px|text_align:left|line_height:1.2em&#8221; use_theme_fonts=&#8221;yes&#8221; font_weight=&#8221;700&#8243; letter_spacing=&#8221;-0.5px&#8221; css=&#8221;.vc_custom_1696492171115{margin-bottom: 10px !important;}&#8221;][vc_custom_heading text=&#8221;Consisteix a eliminar elements constructius que dificultin l&apos;accessibilitat dels usuaris dels edificis.&#8221; font_container=&#8221;tag:h4|font_size:18px|text_align:left|line_height:1.3em&#8221; use_theme_fonts=&#8221;yes&#8221; font_weight=&#8221;500&#8243; letter_spacing=&#8221;-0.5px&#8221; css=&#8221;.vc_custom_1696422131034{margin-bottom: 25px !important;}&#8221;][vc_btn title=&#8221;DEMANAR PRESSUPOST&#8221; align=&#8221;left&#8221; link=&#8221;url:https%3A%2F%2Fmecsarehabilita.com%2F%23contacto|&#8221; el_class=&#8221;mlh_btn mlh_btngrey&#8221;][\/vc_column][\/vc_row][\/vc_section][vc_section full_width=&#8221;stretch_row&#8221; top_divider_type=&#8221;custom&#8221; top_divider_custom=&#8221;JTNDc3ZnJTIweG1sbnMlM0QlMjJodHRwJTNBJTJGJTJGd3d3LnczLm9yZyUyRjIwMDAlMkZzdmclMjIlMjB2aWV3Qm94JTNEJTIyMCUyMDAlMjAxMjAwJTIwMTk0LjMlMjIlMjBwcmVzZXJ2ZUFzcGVjdFJhdGlvJTNEJTIybm9uZSUyMiUzRSUzQ3BhdGglMjBkJTNEJTIyTTEyMDAlMjAxMzMuM2wtNTAlMjA4LjljLTUwJTIwOC42LTE1MCUyMDI2LjktMjUwJTIwMzEuMS0xMDAlMjA0LjItMjAwLTQuMi0zMDAtMjYuN1M0MDAlMjA4OS4yJTIwMzAwJTIwNjIuMkMyMDAlMjAzNS44JTIwMTAwJTIwMTcuNSUyMDUwJTIwOC45TDAlMjAwdjE5NC4zaDEyMDB2LTYxeiUyMiUzRSUzQyUyRnBhdGglM0UlM0MlMkZzdmclM0U=&#8221; top_divider_flip=&#8221;true&#8221; top_divider_invert=&#8221;true&#8221; conditional_render=&#8221;%5B%7B%22value_role%22%3A%22administrator%22%7D%5D&#8221; css=&#8221;.vc_custom_1696590387063{padding-top: 90px !important;padding-bottom: 30px !important;background-color: #f1f1f1 !important;background-position: center !important;background-repeat: no-repeat !important;background-size: cover !important;}&#8221; top_divider_height=&#8221;50px&#8221; top_divider_color=&#8221;#c1e079&#8243;][vc_row][vc_column el_class=&#8221;MLH_centrado&#8221; conditional_render=&#8221;%5B%7B%22value_role%22%3A%22administrator%22%7D%5D&#8221;][vc_custom_heading text=&#8221;Aconseguiu fins a un <strong>50%<\/strong> d&apos;estalvi del <strong>cost total<\/strong> de les obres&#8221; font_container=&#8221;tag:h2|font_size:33px|text_align:center|line_height:1.2em&#8221; use_theme_fonts=&#8221;yes&#8221; font_weight=&#8221;700&#8243; letter_spacing=&#8221;-0.5px&#8221; css=&#8221;.vc_custom_1696492198934{margin-bottom: 10px !important;}&#8221;][vc_custom_heading text=&#8221;Sol\u00b7liciteu informaci\u00f3 sobre les SUBVENCIONS vigents que poden arribar a sufragar fins a un 50% del cost total de les obres.&#8221; font_container=&#8221;tag:h4|font_size:18px|text_align:center|line_height:1.2em&#8221; use_theme_fonts=&#8221;yes&#8221; font_weight=&#8221;500&#8243; letter_spacing=&#8221;-0.5px&#8221; css=&#8221;.vc_custom_1696422185088{margin-bottom: 25px !important;}&#8221;][vc_btn title=&#8221;CONTACTEU-NOS&#8221; align=&#8221;center&#8221; link=&#8221;url:https%3A%2F%2Fmecsarehabilita.com%2F%23contacto|&#8221; el_class=&#8221;mlh_btn mlh_btngreen&#8221;][\/vc_column][\/vc_row][\/vc_section][vc_section full_width=&#8221;stretch_row&#8221; bottom_divider_type=&#8221;custom&#8221; bottom_divider_custom=&#8221;JTNDc3ZnJTIweG1sbnMlM0QlMjJodHRwJTNBJTJGJTJGd3d3LnczLm9yZyUyRjIwMDAlMkZzdmclMjIlMjB2aWV3Qm94JTNEJTIyMCUyMDAlMjAxMjAwJTIwMTk0LjMlMjIlMjBwcmVzZXJ2ZUFzcGVjdFJhdGlvJTNEJTIybm9uZSUyMiUzRSUzQ3BhdGglMjBkJTNEJTIyTTEyMDAlMjAxMzMuM2wtNTAlMjA4LjljLTUwJTIwOC42LTE1MCUyMDI2LjktMjUwJTIwMzEuMS0xMDAlMjA0LjItMjAwLTQuMi0zMDAtMjYuN1M0MDAlMjA4OS4yJTIwMzAwJTIwNjIuMkMyMDAlMjAzNS44JTIwMTAwJTIwMTcuNSUyMDUwJTIwOC45TDAlMjAwdjE5NC4zaDEyMDB2LTYxeiUyMiUzRSUzQyUyRnBhdGglM0UlM0MlMkZzdmclM0U=&#8221; bottom_divider_flip=&#8221;true&#8221; conditional_render=&#8221;%5B%7B%22value_role%22%3A%22administrator%22%7D%5D&#8221; css=&#8221;.vc_custom_1696591044865{padding-top: 40px !important;padding-bottom: 50px !important;background-position: center !important;background-repeat: no-repeat !important;background-size: cover !important;}&#8221; bottom_divider_height=&#8221;50px&#8221; bottom_divider_color=&#8221;#716f6f&#8221;][vc_row full_width=&#8221;stretch_row&#8221; conditional_render=&#8221;%5B%7B%22value_role%22%3A%22administrator%22%7D%5D&#8221; css=&#8221;.vc_custom_1696406883146{padding-top: 0px !important;padding-bottom: 0px !important;}&#8221;][vc_column width=&#8221;1\/3&#8243; conditional_render=&#8221;%5B%7B%22value_role%22%3A%22administrator%22%7D%5D&#8221; el_class=&#8221;MLH_centrado&#8221;][vc_row_inner][vc_column_inner el_class=&#8221;MLH_centrado&#8221; width=&#8221;1\/2&#8243; css=&#8221;.vc_custom_1696408720475{padding-right: 5px !important;}&#8221;][vc_single_image image=&#8221;818&#8243; img_size=&#8221;350&#215;700&#8243; animation_delay=&#8221;200&#8243; el_class=&#8221;mlh_imgservicio max-w-90 mb-0 pc-img&#8221; animation_type=&#8221;zoomIn&#8221; css=&#8221;.vc_custom_1696428277666{margin-bottom: 15px !important;}&#8221;][\/vc_column_inner][vc_column_inner width=&#8221;1\/2&#8243;][vc_single_image image=&#8221;816&#8243; img_size=&#8221;full&#8221; animation_delay=&#8221;200&#8243; el_class=&#8221;mlh_imgservicio max-w-90 mb-0 pc-img&#8221; animation_type=&#8221;zoomIn&#8221; css=&#8221;.vc_custom_1696428125777{margin-bottom: 20px !important;}&#8221;][vc_single_image image=&#8221;817&#8243; img_size=&#8221;full&#8221; animation_delay=&#8221;200&#8243; el_class=&#8221;mlh_imgservicio max-w-90 mb-0 pc-img&#8221; animation_type=&#8221;zoomIn&#8221; css=&#8221;.vc_custom_1696427902272{margin-bottom: 15px !important;}&#8221;][\/vc_column_inner][\/vc_row_inner][\/vc_column][vc_column width=&#8221;2\/3&#8243; css=&#8221;.vc_custom_1696408102384{background-position: center !important;background-repeat: no-repeat !important;background-size: cover !important;}&#8221; conditional_render=&#8221;%5B%7B%22value_role%22%3A%22administrator%22%7D%5D&#8221; el_class=&#8221;MLH_centrado&#8221;][vc_custom_heading text=&#8221;Ascensors&#8221; font_container=&#8221;tag:h2|font_size:33px|text_align:left|line_height:1.2em&#8221; use_theme_fonts=&#8221;yes&#8221; font_weight=&#8221;700&#8243; letter_spacing=&#8221;-0.5px&#8221; css=&#8221;.vc_custom_1696422343602{margin-bottom: 10px !important;}&#8221;][vc_custom_heading text=&#8221;Imprescindible per al correcte disseny i optimitzaci\u00f3 dels treballs de refor\u00e7&#8221; font_container=&#8221;tag:h4|font_size:18px|text_align:left|line_height:1.2em&#8221; use_theme_fonts=&#8221;yes&#8221; font_weight=&#8221;500&#8243; letter_spacing=&#8221;-0.5px&#8221; css=&#8221;.vc_custom_1696418748825{margin-bottom: 25px !important;}&#8221;][vc_column_text css=&#8221;.vc_custom_1696422382804{margin-bottom: 15px !important;}&#8221;]<\/p>\n<p class=\"mb-sm justify\">Aquestes modificacions es poden fer adoptant diferents tipus de mesures.<br \/>\nEn cada cas caldr\u00e0 estudiar la millor opci\u00f3 per a la qual s&#8217;hauran de tenir en compte els factors seg\u00fcents:<\/p>\n<p>[\/vc_column_text][vc_row_inner][vc_column_inner width=&#8221;1\/2&#8243;]<div class=\"porto-sicon-box  vc_custom_1696422626700  wpb_custom_e3f5175a9e6b39f58c3dff09ca892145 style_1 default-icon\"><div class=\"porto-sicon-default\"><div class=\"porto-just-icon-wrapper porto-icon none\" style=\"color:#c1e079;font-size:18px;\"><i class=\"fas fa-stop\"><\/i><\/div><\/div><div class=\"porto-sicon-header\"><p class=\"porto-sicon-title\" style=\"\">Al\u00e7ada a superar.<\/p><\/div> <!-- header --><\/div><!-- porto-sicon-box --><div class=\"porto-sicon-box  vc_custom_1696422653027  wpb_custom_e3f5175a9e6b39f58c3dff09ca892145 style_1 default-icon\"><div class=\"porto-sicon-default\"><div class=\"porto-just-icon-wrapper porto-icon none\" style=\"color:#c1e079;font-size:18px;\"><i class=\"fas fa-stop\"><\/i><\/div><\/div><div class=\"porto-sicon-header\"><p class=\"porto-sicon-title\" style=\"\">Normatives urban\u00edstiques vigents.<\/p><\/div> <!-- header --><\/div><!-- porto-sicon-box --><div class=\"porto-sicon-box  vc_custom_1696422645789  wpb_custom_e3f5175a9e6b39f58c3dff09ca892145 style_1 default-icon\"><div class=\"porto-sicon-default\"><div class=\"porto-just-icon-wrapper porto-icon none\" style=\"color:#c1e079;font-size:18px;\"><i class=\"fas fa-stop\"><\/i><\/div><\/div><div class=\"porto-sicon-header\"><p class=\"porto-sicon-title\" style=\"\">Espai existent de qu\u00e8 es disposa (comunitari i\/o privatiu).<\/p><\/div> <!-- header --><\/div><!-- porto-sicon-box --><div class=\"porto-sicon-box  vc_custom_1696422618745  wpb_custom_e3f5175a9e6b39f58c3dff09ca892145 style_1 default-icon\"><div class=\"porto-sicon-default\"><div class=\"porto-just-icon-wrapper porto-icon none\" style=\"color:#c1e079;font-size:18px;\"><i class=\"fas fa-stop\"><\/i><\/div><\/div><div class=\"porto-sicon-header\"><p class=\"porto-sicon-title\" style=\"\">Necessitats i caracter\u00edstiques dels usuaris (edat, limitacions f\u00edsiques, etc.).<\/p><\/div> <!-- header --><\/div><!-- porto-sicon-box -->[\/vc_column_inner][vc_column_inner width=&#8221;1\/2&#8243;]<div class=\"porto-sicon-box  vc_custom_1696422659673  wpb_custom_e3f5175a9e6b39f58c3dff09ca892145 style_1 default-icon\"><div class=\"porto-sicon-default\"><div class=\"porto-just-icon-wrapper porto-icon none\" style=\"color:#c1e079;font-size:18px;\"><i class=\"fas fa-stop\"><\/i><\/div><\/div><div class=\"porto-sicon-header\"><p class=\"porto-sicon-title\" style=\"\">Cost de les obres dadaptaci\u00f3.<\/p><\/div> <!-- header --><\/div><!-- porto-sicon-box --><div class=\"porto-sicon-box  vc_custom_1696422679344  wpb_custom_e3f5175a9e6b39f58c3dff09ca892145 style_1 default-icon\"><div class=\"porto-sicon-default\"><div class=\"porto-just-icon-wrapper porto-icon none\" style=\"color:#c1e079;font-size:18px;\"><i class=\"fas fa-stop\"><\/i><\/div><\/div><div class=\"porto-sicon-header\"><p class=\"porto-sicon-title\" style=\"\">Interfer\u00e8ncies amb instal\u00b7lacions comunes.<\/p><\/div> <!-- header --><\/div><!-- porto-sicon-box --><div class=\"porto-sicon-box  vc_custom_1696422686454  wpb_custom_e3f5175a9e6b39f58c3dff09ca892145 style_1 default-icon\"><div class=\"porto-sicon-default\"><div class=\"porto-just-icon-wrapper porto-icon none\" style=\"color:#c1e079;font-size:18px;\"><i class=\"fas fa-stop\"><\/i><\/div><\/div><div class=\"porto-sicon-header\"><p class=\"porto-sicon-title\" style=\"\">Interfer\u00e8ncies amb la via p\u00fablica.<\/p><\/div> <!-- header --><\/div><!-- porto-sicon-box --><div class=\"porto-sicon-box  vc_custom_1696422670993  wpb_custom_e3f5175a9e6b39f58c3dff09ca892145 style_1 default-icon\"><div class=\"porto-sicon-default\"><div class=\"porto-just-icon-wrapper porto-icon none\" style=\"color:#c1e079;font-size:18px;\"><i class=\"fas fa-stop\"><\/i><\/div><\/div><div class=\"porto-sicon-header\"><p class=\"porto-sicon-title\" style=\"\">Interfer\u00e8ncies amb altres propietaris o copropietaris.<\/p><\/div> <!-- header --><\/div><!-- porto-sicon-box -->[\/vc_column_inner][\/vc_row_inner][\/vc_column][\/vc_row][\/vc_section][vc_section full_width=&#8221;stretch_row&#8221; top_divider_type=&#8221;custom&#8221; top_divider_custom=&#8221;JTNDc3ZnJTIweG1sbnMlM0QlMjJodHRwJTNBJTJGJTJGd3d3LnczLm9yZyUyRjIwMDAlMkZzdmclMjIlMjB2aWV3Qm94JTNEJTIyMCUyMDAlMjAxMjAwJTIwMTk0LjMlMjIlMjBwcmVzZXJ2ZUFzcGVjdFJhdGlvJTNEJTIybm9uZSUyMiUzRSUzQ3BhdGglMjBkJTNEJTIyTTEyMDAlMjAxMzMuM2wtNTAlMjA4LjljLTUwJTIwOC42LTE1MCUyMDI2LjktMjUwJTIwMzEuMS0xMDAlMjA0LjItMjAwLTQuMi0zMDAtMjYuN1M0MDAlMjA4OS4yJTIwMzAwJTIwNjIuMkMyMDAlMjAzNS44JTIwMTAwJTIwMTcuNSUyMDUwJTIwOC45TDAlMjAwdjE5NC4zaDEyMDB2LTYxeiUyMiUzRSUzQyUyRnBhdGglM0UlM0MlMkZzdmclM0U=&#8221; top_divider_invert=&#8221;true&#8221; conditional_render=&#8221;%5B%7B%22value_role%22%3A%22administrator%22%7D%5D&#8221; css=&#8221;.vc_custom_1696591038664{padding-top: 80px !important;padding-bottom: 50px !important;background-color: #f1f1f1 !important;background-position: center !important;background-repeat: no-repeat !important;background-size: cover !important;}&#8221; top_divider_color=&#8221;#716f6f&#8221; top_divider_height=&#8221;50px&#8221;][vc_row css=&#8221;.vc_custom_1696418852666{margin-top: 25px !important;}&#8221; conditional_render=&#8221;%5B%7B%22value_role%22%3A%22administrator%22%7D%5D&#8221;][vc_column width=&#8221;2\/3&#8243; el_class=&#8221;MLH_centrado&#8221; conditional_render=&#8221;%5B%7B%22value_role%22%3A%22administrator%22%7D%5D&#8221;][vc_custom_heading text=&#8221;MECSA REHABILITA a la <strong>vostra disposici\u00f3<\/strong>&#8221; font_container=&#8221;tag:h2|font_size:33px|text_align:left|line_height:1.2em&#8221; use_theme_fonts=&#8221;yes&#8221; font_weight=&#8221;700&#8243; letter_spacing=&#8221;-0.5px&#8221; css=&#8221;.vc_custom_1696492218841{margin-bottom: 10px !important;}&#8221;][vc_custom_heading text=&#8221;Sense cap comprom\u00eds&#8221; font_container=&#8221;tag:h4|font_size:18px|text_align:left|line_height:1.2em&#8221; use_theme_fonts=&#8221;yes&#8221; font_weight=&#8221;500&#8243; letter_spacing=&#8221;-0.5px&#8221; css=&#8221;.vc_custom_1696423193207{margin-bottom: 25px !important;}&#8221;][vc_column_text css=&#8221;.vc_custom_1696423210207{margin-bottom: 15px !important;}&#8221;]<\/p>\n<p class=\"mb-sm justify\"><strong>MECSA REHABILITA<\/strong> posa a la vostra disposici\u00f3 t\u00e8cnics qualificats coneixedors de les normatives vigents i amb alta experi\u00e8ncia en donar soluci\u00f3 als problemes d&#8217;accessibilitat al vostre edifici.<\/p>\n<p class=\"mb-sm justify\"><strong>Sense cap comprom\u00eds<\/strong> us informaran de quines s\u00f3n les diferents solucions constructives que podrien aplicar-se si \u00e9s el cas en concret, informant-lo dels pros i contres de cadascuna d&#8217;elles per tal que la seva Comunitat de Propietaris disposi de tota la informaci\u00f3 necess\u00e0ria per poder prendre decisions sobre aix\u00f2 .<\/p>\n<p class=\"mb-sm justify\">Rebreu un PRESSUPOST ajustat del cost dels treballs necessaris per a les solucions m\u00e9s adequades si escau.<\/p>\n<p>[\/vc_column_text][\/vc_column][vc_column width=&#8221;1\/3&#8243; el_class=&#8221;MLH_centrado&#8221; conditional_render=&#8221;%5B%7B%22value_role%22%3A%22administrator%22%7D%5D&#8221;][vc_single_image image=&#8221;819&#8243; img_size=&#8221;450&#215;460&#8243; animation_delay=&#8221;200&#8243; el_class=&#8221;mlh_imgservicio max-w-90 mb-0 pc-img&#8221; animation_type=&#8221;zoomIn&#8221;][\/vc_column][\/vc_row][\/vc_section][vc_section full_width=&#8221;stretch_row&#8221; conditional_render=&#8221;%5B%7B%22value_role%22%3A%22administrator%22%7D%5D&#8221; css=&#8221;.vc_custom_1696423701422{padding-top: 40px !important;padding-bottom: 50px !important;background-position: center !important;background-repeat: no-repeat !important;background-size: cover !important;}&#8221;][vc_row css=&#8221;.vc_custom_1696418852666{margin-top: 25px !important;}&#8221; conditional_render=&#8221;%5B%7B%22value_role%22%3A%22administrator%22%7D%5D&#8221;][vc_column width=&#8221;1\/3&#8243; el_class=&#8221;MLH_centrado&#8221; conditional_render=&#8221;%5B%7B%22value_role%22%3A%22administrator%22%7D%5D&#8221;][vc_single_image image=&#8221;822&#8243; img_size=&#8221;full&#8221; animation_delay=&#8221;200&#8243; el_class=&#8221;mlh_imgservicio max-w-90 mb-0 pc-img&#8221; animation_type=&#8221;zoomIn&#8221;][vc_single_image image=&#8221;820&#8243; img_size=&#8221;full&#8221; animation_delay=&#8221;300&#8243; el_class=&#8221;mlh_imgservicio pc-img-about pc-img&#8221; animation_type=&#8221;zoomIn&#8221;][\/vc_column][vc_column width=&#8221;2\/3&#8243; conditional_render=&#8221;%5B%7B%22value_role%22%3A%22administrator%22%7D%5D&#8221; el_class=&#8221;MLH_centrado&#8221;][vc_custom_heading text=&#8221;Rampes&#8221; font_container=&#8221;tag:h2|font_size:33px|text_align:left|line_height:1.2em&#8221; use_theme_fonts=&#8221;yes&#8221; font_weight=&#8221;700&#8243; letter_spacing=&#8221;-0.5px&#8221; css=&#8221;.vc_custom_1696423597080{margin-bottom: 10px !important;}&#8221; el_class=&#8221;ml-lg-5&#8243;][vc_custom_heading text=&#8221;Les solucions constructives m\u00e9s freq\u00fcents s\u00f3n:&#8221; font_container=&#8221;tag:h4|font_size:18px|text_align:left|line_height:1.2em&#8221; use_theme_fonts=&#8221;yes&#8221; font_weight=&#8221;500&#8243; letter_spacing=&#8221;-0.5px&#8221; css=&#8221;.vc_custom_1696423633879{margin-bottom: 25px !important;}&#8221; el_class=&#8221;ml-lg-5&#8243;]<div class=\"porto-sicon-box  vc_custom_1696423617369 ml-lg-5  wpb_custom_e3f5175a9e6b39f58c3dff09ca892145 style_1 default-icon\"><div class=\"porto-sicon-default\"><div class=\"porto-just-icon-wrapper porto-icon none\" style=\"color:#c1e079;font-size:18px;\"><i class=\"fas fa-stop\"><\/i><\/div><\/div><div class=\"porto-sicon-header\"><p class=\"porto-sicon-title\" style=\"\">Instal\u00b7laci\u00f3 d&apos;ascensors (ocupant zones comunes, zones privatives o via p\u00fablica).<\/p><\/div> <!-- header --><\/div><!-- porto-sicon-box --><div class=\"porto-sicon-box  vc_custom_1696423613162 ml-lg-5  wpb_custom_e3f5175a9e6b39f58c3dff09ca892145 style_1 default-icon\"><div class=\"porto-sicon-default\"><div class=\"porto-just-icon-wrapper porto-icon none\" style=\"color:#c1e079;font-size:18px;\"><i class=\"fas fa-stop\"><\/i><\/div><\/div><div class=\"porto-sicon-header\"><p class=\"porto-sicon-title\" style=\"\">Substituci\u00f3 d&apos;escales per rampes.<\/p><\/div> <!-- header --><\/div><!-- porto-sicon-box --><div class=\"porto-sicon-box  vc_custom_1696423608480 ml-lg-5  wpb_custom_e3f5175a9e6b39f58c3dff09ca892145 style_1 default-icon\"><div class=\"porto-sicon-default\"><div class=\"porto-just-icon-wrapper porto-icon none\" style=\"color:#c1e079;font-size:18px;\"><i class=\"fas fa-stop\"><\/i><\/div><\/div><div class=\"porto-sicon-header\"><p class=\"porto-sicon-title\" style=\"\">Instal\u00b7laci\u00f3 de cadires o plataformes plegables sobre rails a escales de vest\u00edbuls.<\/p><\/div> <!-- header --><\/div><!-- porto-sicon-box -->[\/vc_column][\/vc_row][\/vc_section]<\/p>\n<\/div>","protected":false},"excerpt":{"rendered":"<p>[vc_section full_width=&#8221;stretch_row&#8221; bottom_divider_type=&#8221;custom&#8221; bottom_divider_custom=&#8221;JTNDc3ZnJTIweG1sbnMlM0QlMjJodHRwJTNBJTJGJTJGd3d3LnczLm9yZyUyRjIwMDAlMkZzdmclMjIlMjB2aWV3Qm94JTNEJTIyMCUyMDAlMjAxMjAwJTIwMTk0LjMlMjIlMjBwcmVzZXJ2ZUFzcGVjdFJhdGlvJTNEJTIybm9uZSUyMiUzRSUzQ3BhdGglMjBkJTNEJTIyTTEyMDAlMjAxMzMuM2wtNTAlMjA4LjljLTUwJTIwOC42LTE1MCUyMDI2LjktMjUwJTIwMzEuMS0xMDAlMjA0LjItMjAwLTQuMi0zMDAtMjYuN1M0MDAlMjA4OS4yJTIwMzAwJTIwNjIuMkMyMDAlMjAzNS44JTIwMTAwJTIwMTcuNSUyMDUwJTIwOC45TDAlMjAwdjE5NC4zaDEyMDB2LTYxeiUyMiUzRSUzQyUyRnBhdGglM0UlM0MlMkZzdmclM0U=&#8221; conditional_render=&#8221;%5B%7B%22value_role%22%3A%22administrator%22%7D%5D&#8221; css=&#8221;.vc_custom_1696590393762{padding-top: 50px !important;padding-bottom: 50px !important;background-position: center !important;background-repeat: no-repeat !important;background-size: cover !important;}&#8221; bottom_divider_height=&#8221;50px&#8221; bottom_divider_color=&#8221;#c1e079&#8243;][vc_row][vc_column width=&#8221;1\/2&#8243; el_class=&#8221;MLH_centrado&#8221; conditional_render=&#8221;%5B%7B%22value_role%22%3A%22administrator%22%7D%5D&#8221;][vc_single_image image=&#8221;391&#8243; img_size=&#8221;full&#8221; animation_delay=&#8221;200&#8243; el_class=&#8221;mlh_imgservicio max-w-90 mb-0 pc-img&#8221; animation_type=&#8221;zoomIn&#8221;][\/vc_column][vc_column width=&#8221;1\/2&#8243; el_class=&#8221;MLH_centrado&#8221; conditional_render=&#8221;%5B%7B%22value_role%22%3A%22administrator%22%7D%5D&#8221;][vc_custom_heading text=&#8221;Supressi\u00f3 de barreres arquitect\u00f2niques&#8221; font_container=&#8221;tag:h2|font_size:33px|text_align:left|line_height:1.2em&#8221; use_theme_fonts=&#8221;yes&#8221; font_weight=&#8221;700&#8243; letter_spacing=&#8221;-0.5px&#8221; css=&#8221;.vc_custom_1696492171115{margin-bottom: 10px !important;}&#8221;][vc_custom_heading text=&#8221;Consisteix a eliminar elements constructius que dificultin l&apos;accessibilitat dels usuaris dels edificis.&#8221; [&hellip;]<\/p>\n","protected":false},"author":1,"featured_media":0,"parent":0,"menu_order":0,"comment_status":"closed","ping_status":"closed","template":"","meta":{"_seopress_robots_primary_cat":"","_seopress_titles_title":"","_seopress_titles_desc":"MECSA Rehabilita: Especialistes en la supressi\u00f3 de barreres arquitect\u00f2niques. T&#039;ajudem a aconseguir un edifici accessible per a tothom.","_seopress_robots_index":"","footnotes":""},"class_list":["post-1135","page","type-page","status-publish","hentry"],"_links":{"self":[{"href":"https:\/\/mecsarehabilita.com\/ca\/wp-json\/wp\/v2\/pages\/1135","targetHints":{"allow":["GET"]}}],"collection":[{"href":"https:\/\/mecsarehabilita.com\/ca\/wp-json\/wp\/v2\/pages"}],"about":[{"href":"https:\/\/mecsarehabilita.com\/ca\/wp-json\/wp\/v2\/types\/page"}],"author":[{"embeddable":true,"href":"https:\/\/mecsarehabilita.com\/ca\/wp-json\/wp\/v2\/users\/1"}],"replies":[{"embeddable":true,"href":"https:\/\/mecsarehabilita.com\/ca\/wp-json\/wp\/v2\/comments?post=1135"}],"version-history":[{"count":2,"href":"https:\/\/mecsarehabilita.com\/ca\/wp-json\/wp\/v2\/pages\/1135\/revisions"}],"predecessor-version":[{"id":1137,"href":"https:\/\/mecsarehabilita.com\/ca\/wp-json\/wp\/v2\/pages\/1135\/revisions\/1137"}],"wp:attachment":[{"href":"https:\/\/mecsarehabilita.com\/ca\/wp-json\/wp\/v2\/media?parent=1135"}],"curies":[{"name":"wp","href":"https:\/\/api.w.org\/{rel}","templated":true}]}}