{"id":1129,"date":"2023-09-28T08:41:02","date_gmt":"2023-09-28T07:41:02","guid":{"rendered":"https:\/\/staging.microlabhard.com\/mecsarehabilita\/qui-som\/"},"modified":"2023-10-27T20:06:27","modified_gmt":"2023-10-27T19:06:27","slug":"qui-som","status":"publish","type":"page","link":"https:\/\/mecsarehabilita.com\/ca\/qui-som\/","title":{"rendered":"Qui Som"},"content":{"rendered":"<div class=\"wpb-content-wrapper\"><p>[vc_section full_width=&#8221;stretch_row&#8221; conditional_render=&#8221;%5B%7B%22value_role%22%3A%22administrator%22%7D%5D&#8221; css=&#8221;.vc_custom_1695916307873{padding-top: 70px !important;padding-bottom: 70px !important;}&#8221;][vc_row conditional_render=&#8221;%5B%7B%22value_role%22%3A%22administrator%22%7D%5D&#8221;][vc_column width=&#8221;1\/2&#8243; el_class=&#8221;MLH_centrado&#8221; conditional_render=&#8221;%5B%7B%22value_role%22%3A%22administrator%22%7D%5D&#8221;][vc_custom_heading text=&#8221;La nostra <strong>empresa<\/strong>&#8221; font_container=&#8221;tag:h2|font_size:40px|text_align:left|line_height:1.2em&#8221; use_theme_fonts=&#8221;yes&#8221; font_weight=&#8221;700&#8243; letter_spacing=&#8221;-0.5px&#8221; css=&#8221;.vc_custom_1696492520846{margin-bottom: 0px !important;}&#8221;][vc_custom_heading text=&#8221;Especialistes i t\u00e8cnics altament qualificats&#8221; font_container=&#8221;tag:h3|font_size:22px|text_align:left|line_height:1.2em&#8221; use_theme_fonts=&#8221;yes&#8221; font_weight=&#8221;600&#8243; letter_spacing=&#8221;-0.5px&#8221; css=&#8221;.vc_custom_1696492453607{margin-bottom: 25px !important;}&#8221;][vc_column_text css=&#8221;.vc_custom_1695828881869{margin-bottom: 15px !important;}&#8221;]MECSA REHABILITA est\u00e0 formada per un equip d&#8217;especialistes i t\u00e8cnics altament qualificats, amb una s\u00f2lida experi\u00e8ncia al sector de la REHABILITACI\u00d3 D&#8217;EDIFICIS, que treballa com a equip multidisciplinari per garantir resultats de m\u00e0xima qualitat i professionalitat en tots i cadascun dels nostres projectes per satisfer al m\u00e0xim als nostres clients.[\/vc_column_text][vc_row_inner css=&#8221;.vc_custom_1696838881508{margin-top: 15px !important;margin-bottom: 15px !important;}&#8221; el_class=&#8221;mlh_em_count&#8221;][vc_column_inner width=&#8221;1\/2&#8243;]<div class=\"stats-block stats-left   wpb_custom_d1ab7c4793511f0e98f71a894832340c\"><div class=\"stats-desc\"><div class=\"counter_prefix mycust\" style=\" \">+<\/div><div id=\"counter_95781708969ef9517d0f7a\" data-id=\"counter_95781708969ef9517d0f7a\" class=\"stats-number\" style=\" \" data-speed=\"3\" data-counter-value=\"2490\" data-separator=\",\" data-decimal=\".\">0<\/div><div class=\"stats-text\" style=\"\">Clients satisfets<\/div><\/div><\/div>[\/vc_column_inner][vc_column_inner width=&#8221;1\/2&#8243;]<div class=\"stats-block stats-left   wpb_custom_d1ab7c4793511f0e98f71a894832340c\"><div class=\"stats-desc\"><div class=\"counter_prefix mycust\" style=\" \">+<\/div><div id=\"counter_10245580269ef9517d16ed\" data-id=\"counter_10245580269ef9517d16ed\" class=\"stats-number\" style=\" \" data-speed=\"3\" data-counter-value=\"3360\" data-separator=\",\" data-decimal=\".\">0<\/div><div class=\"stats-text\" style=\"\">Casos d&#039;\u00e8xit<\/div><\/div><\/div>[\/vc_column_inner][\/vc_row_inner][vc_btn title=&#8221;VEURE OBRES REALITZADES&#8221; align=&#8221;left&#8221; link=&#8221;url:https%3A%2F%2Fmecsarehabilita.com%2Fobras-realizadas%2F|title:Obres%20Realitzades|&#8221; el_class=&#8221;mlh_btn mlh_btngrey mlh_btngreen&#8221; css=&#8221;.vc_custom_1696838888077{margin-bottom: 15px !important;}&#8221;][vc_empty_space height=&#8221;35px&#8221;][vc_row_inner][vc_column_inner width=&#8221;1\/2&#8243;][vc_single_image image=&#8221;974&#8243; img_size=&#8221;full&#8221; alignment=&#8221;center&#8221; label=&#8221;&#8221; css=&#8221;.vc_custom_1696844320760{margin-bottom: 15px !important;}&#8221;][\/vc_column_inner][vc_column_inner width=&#8221;1\/2&#8243;][vc_single_image image=&#8221;975&#8243; img_size=&#8221;full&#8221; alignment=&#8221;center&#8221; label=&#8221;&#8221; css=&#8221;.vc_custom_1696844316255{margin-bottom: 15px !important;}&#8221;][\/vc_column_inner][\/vc_row_inner][\/vc_column][vc_column width=&#8221;1\/2&#8243;][vc_single_image image=&#8221;286&#8243; img_size=&#8221;full&#8221; animation_delay=&#8221;200&#8243; el_class=&#8221;max-w-90 mb-0 pc-img&#8221; animation_type=&#8221;zoomIn&#8221;][vc_single_image image=&#8221;312&#8243; img_size=&#8221;full&#8221; animation_delay=&#8221;300&#8243; el_class=&#8221;pc-img-about pc-img&#8221; animation_type=&#8221;zoomIn&#8221;][\/vc_column][\/vc_row][\/vc_section][vc_section full_width=&#8221;stretch_row&#8221; disable_element=&#8221;yes&#8221; conditional_render=&#8221;%5B%7B%22value_role%22%3A%22administrator%22%7D%5D&#8221; el_class=&#8221;mlh_empcontent&#8221;][vc_row full_width=&#8221;stretch_row&#8221; no_padding=&#8221;yes&#8221; conditional_render=&#8221;%5B%7B%22value_role%22%3A%22administrator%22%7D%5D&#8221; el_class=&#8221;mlh_empersonal&#8221;][vc_column parallax=&#8221;content-moving&#8221; parallax_image=&#8221;3525&#8243; conditional_render=&#8221;%5B%7B%22value_role%22%3A%22administrator%22%7D%5D&#8221; css=&#8221;.vc_custom_1695897335908{padding-top: 3rem !important;padding-bottom: 0px !important;background-image: url(https:\/\/mecsarehabilita.com\/wp-content\/uploads\/2023\/09\/personal-cualificado-scaled.jpg?id=436) !important;background-position: center !important;background-repeat: no-repeat !important;background-size: cover !important;}&#8221; offset=&#8221;vc_col-md-6&#8243;][vc_custom_heading text=&#8221;PERSONAL QUALIFICAT&#8221; font_container=&#8221;tag:h2|font_size:3.5rem|text_align:center|line_height:1em&#8221; use_theme_fonts=&#8221;yes&#8221; font_weight=&#8221;700&#8243; letter_spacing=&#8221;-0.5px&#8221; css=&#8221;.vc_custom_1696234028389{margin-bottom: 0px !important;}&#8221;][vc_row_inner el_class=&#8221;mlh_emrowblock1&#8243; css=&#8221;.vc_custom_1695892800689{margin-top: 65px !important;}&#8221;][vc_column_inner]<div class=\"porto-sicon-box  vc_custom_1695907935448 mlh_emblock mlh_block1  wpb_custom_e65deb2d267da9ed868a3c8a80a75a91 style_1 default-icon flex-wrap\"><div class=\"porto-sicon-default\"><div class=\"porto-just-icon-wrapper porto-sicon-img  porto-icon-9f5d1cfb45d27d96b50bf473aebba227\" style=\"font-size: 60px;\"><img loading=\"lazy\" decoding=\"async\" class=\"img-icon\" alt=\"mecsarehabilita.com\" src=\"https:\/\/mecsarehabilita.com\/wp-content\/uploads\/2023\/09\/personal-cualificado0.png\" width=\"660\" height=\"660\" \/><\/div><\/div><div class=\"porto-sicon-header\"><h3 class=\"porto-sicon-title\" style=\"\">Constant reciclatge de l&#039;equip directiu i t\u00e8cnic.<\/h3><p>Respostes adequades per a cada tipus dobra.<\/p><\/div> <!-- header --><div class=\"porto-sicon-description\" style=\"\">Sempre a l&#8217;avantguarda de les noves t\u00e8cniques i l&#8217;aplicaci\u00f3 de materials aix\u00ed com de les normatives vigents, es transmet de manera multidireccional a tot l&#8217;equip que compon la nostra empresa.<\/div> <!-- description --><\/div><!-- porto-sicon-box -->[\/vc_column_inner][\/vc_row_inner][\/vc_column][vc_column parallax=&#8221;content-moving&#8221; conditional_render=&#8221;%5B%7B%22value_role%22%3A%22administrator%22%7D%5D&#8221; css=&#8221;.vc_custom_1695897341648{padding-top: 3rem !important;padding-bottom: 0px !important;background-image: url(https:\/\/mecsarehabilita.com\/wp-content\/uploads\/2023\/09\/formacion-actualizacion-scaled.jpg?id=437) !important;background-position: center !important;background-repeat: no-repeat !important;background-size: cover !important;}&#8221; offset=&#8221;vc_col-md-6&#8243;][vc_custom_heading text=&#8221;FORMACI\u00d3 I ACTUALITZACI\u00d3&#8221; font_container=&#8221;tag:h2|font_size:3.5rem|text_align:center|line_height:1em&#8221; use_theme_fonts=&#8221;yes&#8221; font_weight=&#8221;700&#8243; letter_spacing=&#8221;-0.5px&#8221; css=&#8221;.vc_custom_1696234022699{margin-bottom: 0px !important;}&#8221;][vc_row_inner el_class=&#8221;mlh_emrowblock2&#8243; css=&#8221;.vc_custom_1695892029372{margin-top: 65px !important;}&#8221;][vc_column_inner]<div class=\"porto-sicon-box  vc_custom_1695907948074 mlh_emblock mlh_block2  wpb_custom_e743933e5db2a5aa436b93ab555b27d8 style_1 default-icon flex-wrap\"><div class=\"porto-sicon-default\"><div class=\"porto-just-icon-wrapper porto-sicon-img  porto-icon-9f5d1cfb45d27d96b50bf473aebba227\" style=\"font-size: 60px;\"><img loading=\"lazy\" decoding=\"async\" class=\"img-icon\" alt=\"mecsarehabilita.com\" src=\"https:\/\/mecsarehabilita.com\/wp-content\/uploads\/2023\/09\/riesgos-laborales0.png\" width=\"660\" height=\"660\" \/><\/div><\/div><div class=\"porto-sicon-header\"><h3 class=\"porto-sicon-title\" style=\"\">Actualitzaci\u00f3 en mat\u00e8ria de seguretat i salut.<\/h3><p>Prevenci\u00f3 de riscs laborals.<\/p><\/div> <!-- header --><div class=\"porto-sicon-description\" style=\"\">Evitar accidents i danys als nostres treballadors aix\u00ed com a tercers \u00e9s una constant present sempre a qualsevol presa de decisions i planificaci\u00f3 de les nostres obres.<\/div> <!-- description --><\/div><!-- porto-sicon-box -->[\/vc_column_inner][\/vc_row_inner][\/vc_column][\/vc_row][\/vc_section][vc_section full_width=&#8221;stretch_row&#8221; conditional_render=&#8221;%5B%7B%22value_role%22%3A%22administrator%22%7D%5D&#8221; css=&#8221;.vc_custom_1696494067474{padding-top: 0px !important;padding-bottom: 0px !important;}&#8221; el_class=&#8221;mlh_empcontent&#8221;][vc_row full_width=&#8221;stretch_row&#8221; no_padding=&#8221;yes&#8221; conditional_render=&#8221;%5B%7B%22value_role%22%3A%22administrator%22%7D%5D&#8221; el_class=&#8221;mlh_empersonal&#8221;][vc_column parallax=&#8221;content-moving&#8221; parallax_image=&#8221;436&#8243; conditional_render=&#8221;%5B%7B%22value_role%22%3A%22administrator%22%7D%5D&#8221; css=&#8221;.vc_custom_1696839321688{padding-top: 5rem !important;padding-bottom: 5rem !important;background-position: center !important;background-repeat: no-repeat !important;background-size: cover !important;}&#8221; offset=&#8221;vc_col-md-6&#8243; el_class=&#8221;mlh_empshadow mlh_first&#8221;][vc_custom_heading text=&#8221;FORMACI\u00d3 I<br \/>\nACTUALITZACI\u00d3&#8221; font_container=&#8221;tag:h2|font_size:4rem|text_align:right|line_height:1em&#8221; use_theme_fonts=&#8221;yes&#8221; font_weight=&#8221;700&#8243; letter_spacing=&#8221;-0.5px&#8221; css=&#8221;.vc_custom_1696494407204{margin-bottom: 20px !important;}&#8221; el_class=&#8221;mr-lg-5&#8243;][\/vc_column][vc_column is_half=&#8221;yes&#8221; conditional_render=&#8221;%5B%7B%22value_role%22%3A%22administrator%22%7D%5D&#8221; css=&#8221;.vc_custom_1696839365219{padding-top: 3rem !important;padding-bottom: 3rem !important;background-color: #c1e079 !important;}&#8221; offset=&#8221;vc_col-md-6&#8243; el_class=&#8221;MLH_centrado mlh_dndestamos mlh_second&#8221;]<div class=\"porto-sicon-box  vc_custom_1695907935448 mlh_emblock mlh_block1  wpb_custom_e65deb2d267da9ed868a3c8a80a75a91 style_1 default-icon flex-wrap\"><div class=\"porto-sicon-default\"><div class=\"porto-just-icon-wrapper porto-sicon-img  porto-icon-9f5d1cfb45d27d96b50bf473aebba227\" style=\"font-size: 60px;\"><img loading=\"lazy\" decoding=\"async\" class=\"img-icon\" alt=\"mecsarehabilita.com\" src=\"https:\/\/mecsarehabilita.com\/wp-content\/uploads\/2023\/09\/personal-cualificado0.png\" width=\"660\" height=\"660\" \/><\/div><\/div><div class=\"porto-sicon-header\"><h3 class=\"porto-sicon-title\" style=\"\">Constant reciclatge de l&#039;equip directiu i t\u00e8cnic.<\/h3><p>Respostes adequades per a cada tipus dobra.<\/p><\/div> <!-- header --><div class=\"porto-sicon-description\" style=\"\">Sempre a l&#8217;avantguarda de les noves t\u00e8cniques i l&#8217;aplicaci\u00f3 de materials aix\u00ed com de les normatives vigents, es transmet de manera multidireccional a tot l&#8217;equip que compon la nostra empresa.<\/div> <!-- description --><\/div><!-- porto-sicon-box -->[\/vc_column][\/vc_row][vc_row full_width=&#8221;stretch_row&#8221; no_padding=&#8221;yes&#8221; conditional_render=&#8221;%5B%7B%22value_role%22%3A%22administrator%22%7D%5D&#8221; el_class=&#8221;mlh_empersonal&#8221;][vc_column is_half=&#8221;yes&#8221; is_half_right=&#8221;yes&#8221; conditional_render=&#8221;%5B%7B%22value_role%22%3A%22administrator%22%7D%5D&#8221; css=&#8221;.vc_custom_1696839370844{padding-top: 2rem !important;padding-bottom: 2rem !important;background-color: #c1e079 !important;}&#8221; offset=&#8221;vc_col-md-6&#8243; el_class=&#8221;MLH_centrado mlh_second&#8221;]<div class=\"porto-sicon-box  vc_custom_1695907948074 mlh_emblock mlh_block2  wpb_custom_e743933e5db2a5aa436b93ab555b27d8 style_1 default-icon flex-wrap\"><div class=\"porto-sicon-default\"><div class=\"porto-just-icon-wrapper porto-sicon-img  porto-icon-9f5d1cfb45d27d96b50bf473aebba227\" style=\"font-size: 60px;\"><img loading=\"lazy\" decoding=\"async\" class=\"img-icon\" alt=\"mecsarehabilita.com\" src=\"https:\/\/mecsarehabilita.com\/wp-content\/uploads\/2023\/09\/riesgos-laborales0.png\" width=\"660\" height=\"660\" \/><\/div><\/div><div class=\"porto-sicon-header\"><h3 class=\"porto-sicon-title\" style=\"\">Actualitzaci\u00f3 en mat\u00e8ria de seguretat i salut.<\/h3><p>Prevenci\u00f3 de riscs laborals.<\/p><\/div> <!-- header --><div class=\"porto-sicon-description\" style=\"\">Evitar accidents i danys als nostres treballadors aix\u00ed com a tercers \u00e9s una constant present sempre a qualsevol presa de decisions i planificaci\u00f3 de les nostres obres.<\/div> <!-- description --><\/div><!-- porto-sicon-box -->[\/vc_column][vc_column parallax=&#8221;content-moving&#8221; parallax_image=&#8221;437&#8243; conditional_render=&#8221;%5B%7B%22value_role%22%3A%22administrator%22%7D%5D&#8221; css=&#8221;.vc_custom_1696839327813{padding-top: 5rem !important;padding-bottom: 5rem !important;background-position: center !important;background-repeat: no-repeat !important;background-size: cover !important;}&#8221; el_class=&#8221;mlh_empshadow mlh_first&#8221; offset=&#8221;vc_col-md-6&#8243;][vc_custom_heading text=&#8221;PERSONAL<br \/>\nQUALIFICAT&#8221; font_container=&#8221;tag:h2|font_size:4rem|text_align:left|line_height:1em&#8221; use_theme_fonts=&#8221;yes&#8221; font_weight=&#8221;700&#8243; letter_spacing=&#8221;-0.5px&#8221; css=&#8221;.vc_custom_1696494381177{margin-bottom: 20px !important;}&#8221; el_class=&#8221;ml-lg-5&#8243;][\/vc_column][\/vc_row][\/vc_section][vc_section full_width=&#8221;stretch_row&#8221; conditional_render=&#8221;%5B%7B%22value_role%22%3A%22administrator%22%7D%5D&#8221; css=&#8221;.vc_custom_1695915066376{padding-top: 70px !important;padding-bottom: 70px !important;}&#8221;][vc_row conditional_render=&#8221;%5B%7B%22value_role%22%3A%22administrator%22%7D%5D&#8221; el_class=&#8221;mlh_emmecsa&#8221;][vc_column width=&#8221;1\/3&#8243; css=&#8221;.vc_custom_1695913147439{background-image: url(https:\/\/mecsarehabilita.com\/wp-content\/uploads\/2023\/09\/empresa04.jpg?id=486) !important;background-position: center !important;background-repeat: no-repeat !important;background-size: cover !important;}&#8221; conditional_render=&#8221;%5B%7B%22value_role%22%3A%22administrator%22%7D%5D&#8221;][\/vc_column][vc_column width=&#8221;2\/3&#8243; conditional_render=&#8221;%5B%7B%22value_role%22%3A%22administrator%22%7D%5D&#8221; css=&#8221;.vc_custom_1695916554418{padding-top: 30px !important;padding-right: 30px !important;padding-bottom: 30px !important;padding-left: 30px !important;}&#8221;][vc_custom_heading text=&#8221;Mecsa Rehabilita&#8221; font_container=&#8221;tag:h2|font_size:40px|text_align:left|line_height:1.2em&#8221; use_theme_fonts=&#8221;yes&#8221; font_weight=&#8221;700&#8243; letter_spacing=&#8221;-0.5px&#8221; css=&#8221;.vc_custom_1695911778493{margin-bottom: 10px !important;}&#8221;][vc_column_text css=&#8221;.vc_custom_1695916585266{margin-bottom: 15px !important;}&#8221;]<\/p>\n<p class=\"mb-sm justify\">MECSA REHABILITA neix de l&#8217;evoluci\u00f3 a constructora d&#8217;un despatx d&#8217;arquitectura compost per un grup de t\u00e8cnics multidisciplinaris especialitzats en la REHABILITACI\u00d3 D&#8217;EDIFICIS. Durant el boom de la construcci\u00f3 d&#8217;edificis d&#8217;obra nova previ a la crisi del sector, MECSA REHABILITA ja es dedicava exclusivament a la rehabilitaci\u00f3 t\u00e8cnica d&#8217;edificis existents.<\/p>\n<p>Aquesta especialitzaci\u00f3 en el sector de la REHABILITACI\u00d3 per part dels t\u00e8cnics fundadors de l&#8217;empresa, sempre a l&#8217;avantguarda en l&#8217;aplicaci\u00f3 de noves t\u00e8cniques i materials, garanteix la DIAGNOSI correcta de les causes que originen les PATOLOGIES detectades als edificis, aix\u00ed com l&#8217;adequada PRESCRIPCI\u00d3 dels treballs necessaris per determinar la SOLUCI\u00d3 CORRECTORA m\u00e9s indicada per a cada cas.[\/vc_column_text][\/vc_column][\/vc_row][vc_row conditional_render=&#8221;%5B%7B%22value_role%22%3A%22administrator%22%7D%5D&#8221; css=&#8221;.vc_custom_1696232569242{margin-top: 50px !important;}&#8221;][vc_column width=&#8221;2\/3&#8243; conditional_render=&#8221;%5B%7B%22value_role%22%3A%22administrator%22%7D%5D&#8221; el_class=&#8221;MLH_centrado&#8221;][vc_column_text css=&#8221;.vc_custom_1696232513748{margin-bottom: 15px !important;}&#8221;]<\/p>\n<p class=\"mb-sm justify\">Actuant com a \u201cm\u00e8dics de l&#8217;edifici\u201d, es realitza un proc\u00e9s compr\u00e8s per les fases seg\u00fcents, sempre supervisat per t\u00e8cnics especialitzats, garantint al propietari de l&#8217;edifici la relaci\u00f3 m\u00e9s \u00f2ptima entre la inversi\u00f3 en manteniment i la durabilitat dels treballs realitzats.<\/p>\n<p>[\/vc_column_text][\/vc_column][vc_column width=&#8221;1\/3&#8243; el_class=&#8221;MLH_centrado&#8221; conditional_render=&#8221;%5B%7B%22value_role%22%3A%22administrator%22%7D%5D&#8221;]<div class=\"porto-sicon-box  vc_custom_1696316714700  wpb_custom_9760737b1909d330b6c2a8297a735e25 style_1 default-icon\"><div class=\"porto-sicon-default\"><div class=\"porto-just-icon-wrapper porto-icon none\" style=\"color:#c1e079;font-size:16px;\"><i class=\"fas fa-stop\"><\/i><\/div><\/div><div class=\"porto-sicon-header\"><h3 class=\"porto-sicon-title\" style=\"\">Estudi<\/h3><\/div> <!-- header --><\/div><!-- porto-sicon-box --><div class=\"porto-sicon-box  vc_custom_1696316736757  wpb_custom_9760737b1909d330b6c2a8297a735e25 style_1 default-icon\"><div class=\"porto-sicon-default\"><div class=\"porto-just-icon-wrapper porto-icon none\" style=\"color:#c1e079;font-size:16px;\"><i class=\"fas fa-stop\"><\/i><\/div><\/div><div class=\"porto-sicon-header\"><h3 class=\"porto-sicon-title\" style=\"\">Diagnosi<\/h3><\/div> <!-- header --><\/div><!-- porto-sicon-box --><div class=\"porto-sicon-box  vc_custom_1696316754607  wpb_custom_9760737b1909d330b6c2a8297a735e25 style_1 default-icon\"><div class=\"porto-sicon-default\"><div class=\"porto-just-icon-wrapper porto-icon none\" style=\"color:#c1e079;font-size:16px;\"><i class=\"fas fa-stop\"><\/i><\/div><\/div><div class=\"porto-sicon-header\"><h3 class=\"porto-sicon-title\" style=\"\">Prescripci\u00f3 de solucions correctores<\/h3><\/div> <!-- header --><\/div><!-- porto-sicon-box --><div class=\"porto-sicon-box  vc_custom_1696316769232  wpb_custom_9760737b1909d330b6c2a8297a735e25 style_1 default-icon\"><div class=\"porto-sicon-default\"><div class=\"porto-just-icon-wrapper porto-icon none\" style=\"color:#c1e079;font-size:16px;\"><i class=\"fas fa-stop\"><\/i><\/div><\/div><div class=\"porto-sicon-header\"><h3 class=\"porto-sicon-title\" style=\"\">Execuci\u00f3 supervisada<\/h3><\/div> <!-- header --><\/div><!-- porto-sicon-box -->[\/vc_column][\/vc_row][\/vc_section][vc_section full_width=&#8221;stretch_row&#8221; conditional_render=&#8221;%5B%7B%22value_role%22%3A%22administrator%22%7D%5D&#8221; css=&#8221;.vc_custom_1695914008659{padding-top: 70px !important;padding-bottom: 70px !important;background: #000000 url(https:\/\/mecsarehabilita.com\/wp-content\/uploads\/2023\/09\/herramientas-trabajo-scaled.jpg?id=488) !important;background-position: center !important;background-repeat: no-repeat !important;background-size: cover !important;}&#8221; el_class=&#8221;mlh_emcontent&#8221;][vc_row full_width=&#8221;stretch_row&#8221; conditional_render=&#8221;%5B%7B%22value_role%22%3A%22administrator%22%7D%5D&#8221;][vc_column][vc_custom_heading text=&#8221;Per aconseguir l&apos;EXCEL\u00b7L\u00c8NCIA en un proc\u00e9s constructiu cal:&#8221; font_container=&#8221;tag:h3|font_size:30px|text_align:center|color:%23ffffff|line_height:1.2em&#8221; use_theme_fonts=&#8221;yes&#8221; font_weight=&#8221;600&#8243; letter_spacing=&#8221;-0.5px&#8221; css=&#8221;.vc_custom_1695914649632{margin-bottom: 10px !important;}&#8221;][vc_custom_heading text=&#8221;Metodologia, professionalitat i seguiment t\u00e8cnic estricte en totes les seves fases. Aquests s\u00f3n els pilars de la nostra empresa.&#8221; font_container=&#8221;tag:h3|font_size:19px|text_align:center|color:%23ffffff|line_height:1.2em&#8221; use_theme_fonts=&#8221;yes&#8221; font_weight=&#8221;400&#8243; letter_spacing=&#8221;-0.5px&#8221;][\/vc_column][\/vc_row][\/vc_section][vc_section full_width=&#8221;stretch_row&#8221; conditional_render=&#8221;%5B%7B%22value_role%22%3A%22administrator%22%7D%5D&#8221; css=&#8221;.vc_custom_1696262262248{padding-top: 70px !important;padding-bottom: 70px !important;background-image: url(https:\/\/mecsarehabilita.com\/wp-content\/uploads\/2023\/10\/testi-bg-1-1.jpg?id=620) !important;background-position: center !important;background-repeat: no-repeat !important;background-size: cover !important;}&#8221; el_class=&#8221;mlh_emayuda&#8221;][vc_row][vc_column][vc_custom_heading text=&#8221;Com podem <strong>ajudar-lo?<\/strong>&#8221; font_container=&#8221;tag:h2|font_size:40px|text_align:center|line_height:1.2em&#8221; use_theme_fonts=&#8221;yes&#8221; font_weight=&#8221;700&#8243; letter_spacing=&#8221;-0.5px&#8221; css=&#8221;.vc_custom_1696492476339{margin-bottom: 10px !important;}&#8221;][vc_column_text css=&#8221;.vc_custom_1695897300036{margin-bottom: 15px !important;}&#8221;]<\/p>\n<p style=\"text-align: center;\"><strong>MECSA REHABILITA<\/strong> posa al vostre servei les capacitats i exclusiva dedicaci\u00f3 de tot el nostre equip hum\u00e0. Un grup de professionals especialitzats dedicats a treballar en equip per aconseguir lobjectiu com\u00fa que ens inspira: una OBRA BEN EXECUTADA.<\/p>\n<p>[\/vc_column_text][vc_row_inner css=&#8221;.vc_custom_1695909752692{margin-top: 30px !important;}&#8221;][vc_column_inner width=&#8221;1\/3&#8243; css=&#8221;.vc_custom_1696839498746{margin-bottom: 15px !important;}&#8221;][vc_single_image image=&#8221;476&#8243; img_size=&#8221;full&#8221; animation_delay=&#8221;200&#8243; el_class=&#8221;max-w-90 mb-0 pc-img&#8221; animation_type=&#8221;zoomIn&#8221;][vc_single_image image=&#8221;477&#8243; img_size=&#8221;full&#8221; animation_delay=&#8221;300&#8243; el_class=&#8221;pc-img-about pc-img&#8221; animation_type=&#8221;zoomIn&#8221;][\/vc_column_inner][vc_column_inner el_class=&#8221;MLH_centrado&#8221; width=&#8221;1\/6&#8243;][\/vc_column_inner][vc_column_inner width=&#8221;1\/2&#8243;][vc_column_text css=&#8221;.vc_custom_1696839477562{margin-top: 15px !important;margin-bottom: 15px !important;}&#8221;]L&#8217;equip multidisciplinari i altament qualificat de MECSA assegura un resultat \u00f2ptim en totes les fases d&#8217;execuci\u00f3. Des de la direcci\u00f3 facultativa i la redacci\u00f3 de projectes fins a l&#8217;operari final assumim que la satisfacci\u00f3 final del nostre client en lliurar-li la seva obra \u00e9s el nostre m\u00e0xim objectiu.<\/p>\n<p>Correcci\u00f3 de patologies, millora de l&#8217;aspecte exterior de l&#8217;edifici, a\u00efllament t\u00e8rmic i ac\u00fastic, optimitzar l&#8217;aprofitament de l&#8217;espai, eliminar humitats molestes, renovar les instal\u00b7lacions, instal\u00b7lar un ascensor, facilitar l&#8217;acc\u00e9s a l&#8217;edifici de persones discapacitades, revaloritzar l&#8217;immoble, etc\u2026 s\u00f3n nom\u00e9s alguns dels m\u00faltiples serveis que els podem oferir.[\/vc_column_text][\/vc_column_inner][\/vc_row_inner][\/vc_column][\/vc_row][\/vc_section]<\/p>\n<\/div>","protected":false},"excerpt":{"rendered":"<p>[vc_section full_width=&#8221;stretch_row&#8221; conditional_render=&#8221;%5B%7B%22value_role%22%3A%22administrator%22%7D%5D&#8221; css=&#8221;.vc_custom_1695916307873{padding-top: 70px !important;padding-bottom: 70px !important;}&#8221;][vc_row conditional_render=&#8221;%5B%7B%22value_role%22%3A%22administrator%22%7D%5D&#8221;][vc_column width=&#8221;1\/2&#8243; el_class=&#8221;MLH_centrado&#8221; conditional_render=&#8221;%5B%7B%22value_role%22%3A%22administrator%22%7D%5D&#8221;][vc_custom_heading text=&#8221;La nostra empresa&#8221; font_container=&#8221;tag:h2|font_size:40px|text_align:left|line_height:1.2em&#8221; use_theme_fonts=&#8221;yes&#8221; font_weight=&#8221;700&#8243; letter_spacing=&#8221;-0.5px&#8221; css=&#8221;.vc_custom_1696492520846{margin-bottom: 0px !important;}&#8221;][vc_custom_heading text=&#8221;Especialistes i t\u00e8cnics altament qualificats&#8221; font_container=&#8221;tag:h3|font_size:22px|text_align:left|line_height:1.2em&#8221; use_theme_fonts=&#8221;yes&#8221; font_weight=&#8221;600&#8243; letter_spacing=&#8221;-0.5px&#8221; css=&#8221;.vc_custom_1696492453607{margin-bottom: 25px !important;}&#8221;][vc_column_text css=&#8221;.vc_custom_1695828881869{margin-bottom: 15px !important;}&#8221;]MECSA REHABILITA est\u00e0 formada per un equip d&#8217;especialistes i t\u00e8cnics altament qualificats, amb una s\u00f2lida experi\u00e8ncia al sector de [&hellip;]<\/p>\n","protected":false},"author":1,"featured_media":0,"parent":0,"menu_order":0,"comment_status":"closed","ping_status":"closed","template":"","meta":{"_seopress_robots_primary_cat":"","_seopress_titles_title":"","_seopress_titles_desc":"MECSA Rehabilita: Especialistes en rehabilitaci\u00f3 dedificis. Amb m\u00e9s de 20 anys d&#039;experi\u00e8ncia garantim resultats de m\u00e0xima qualitat i professionalitat.","_seopress_robots_index":"","footnotes":""},"class_list":["post-1129","page","type-page","status-publish","hentry"],"_links":{"self":[{"href":"https:\/\/mecsarehabilita.com\/ca\/wp-json\/wp\/v2\/pages\/1129","targetHints":{"allow":["GET"]}}],"collection":[{"href":"https:\/\/mecsarehabilita.com\/ca\/wp-json\/wp\/v2\/pages"}],"about":[{"href":"https:\/\/mecsarehabilita.com\/ca\/wp-json\/wp\/v2\/types\/page"}],"author":[{"embeddable":true,"href":"https:\/\/mecsarehabilita.com\/ca\/wp-json\/wp\/v2\/users\/1"}],"replies":[{"embeddable":true,"href":"https:\/\/mecsarehabilita.com\/ca\/wp-json\/wp\/v2\/comments?post=1129"}],"version-history":[{"count":2,"href":"https:\/\/mecsarehabilita.com\/ca\/wp-json\/wp\/v2\/pages\/1129\/revisions"}],"predecessor-version":[{"id":1256,"href":"https:\/\/mecsarehabilita.com\/ca\/wp-json\/wp\/v2\/pages\/1129\/revisions\/1256"}],"wp:attachment":[{"href":"https:\/\/mecsarehabilita.com\/ca\/wp-json\/wp\/v2\/media?parent=1129"}],"curies":[{"name":"wp","href":"https:\/\/api.w.org\/{rel}","templated":true}]}}